{"id":6790,"date":"2025-12-11T09:15:14","date_gmt":"2025-12-11T12:15:14","guid":{"rendered":"https:\/\/bmsolucoesedu.com.br\/portal\/?post_type=product&#038;p=6790"},"modified":"2025-12-11T09:41:24","modified_gmt":"2025-12-11T12:41:24","slug":"atitudes-de-valor-4-ano","status":"publish","type":"product","link":"https:\/\/bmsolucoesedu.com.br\/portal\/produtos\/atitudes-de-valor-4-ano\/","title":{"rendered":"ATITUDES DE VALOR 4\u00b0 ANO"},"content":{"rendered":"<p>Apoia o desenvolvimento do planejamento financeiro. As crian\u00e7as come\u00e7am a pensar em metas, controle de gastos e import\u00e2ncia da reserva, como poupar o dinheiro economizado.<\/p>\n","protected":false},"excerpt":{"rendered":"<p>Apoia o desenvolvimento do planejamento financeiro. As crian\u00e7as come\u00e7am a pensar em metas, controle de gastos e import\u00e2ncia da reserva, como poupar o dinheiro economizado.<\/p>\n","protected":false},"featured_media":6816,"template":"","meta":[],"product_brand":[],"product_cat":[540],"product_tag":[1689,211],"class_list":{"0":"post-6790","1":"product","2":"type-product","3":"status-publish","4":"has-post-thumbnail","6":"product_cat-projetos","7":"product_tag-i287","8":"product_tag-inex","9":"pa_item-i287","10":"pa_marca-saber","11":"pa_n-ata-i287","12":"wcpv_product_vendors-saber-educacao","14":"first","15":"instock","16":"shipping-taxable","17":"purchasable","18":"product-type-simple"},"_links":{"self":[{"href":"https:\/\/bmsolucoesedu.com.br\/portal\/wp-json\/wp\/v2\/product\/6790","targetHints":{"allow":["GET"]}}],"collection":[{"href":"https:\/\/bmsolucoesedu.com.br\/portal\/wp-json\/wp\/v2\/product"}],"about":[{"href":"https:\/\/bmsolucoesedu.com.br\/portal\/wp-json\/wp\/v2\/types\/product"}],"wp:featuredmedia":[{"embeddable":true,"href":"https:\/\/bmsolucoesedu.com.br\/portal\/wp-json\/wp\/v2\/media\/6816"}],"wp:attachment":[{"href":"https:\/\/bmsolucoesedu.com.br\/portal\/wp-json\/wp\/v2\/media?parent=6790"}],"wp:term":[{"taxonomy":"product_brand","embeddable":true,"href":"https:\/\/bmsolucoesedu.com.br\/portal\/wp-json\/wp\/v2\/product_brand?post=6790"},{"taxonomy":"product_cat","embeddable":true,"href":"https:\/\/bmsolucoesedu.com.br\/portal\/wp-json\/wp\/v2\/product_cat?post=6790"},{"taxonomy":"product_tag","embeddable":true,"href":"https:\/\/bmsolucoesedu.com.br\/portal\/wp-json\/wp\/v2\/product_tag?post=6790"}],"curies":[{"name":"wp","href":"https:\/\/api.w.org\/{rel}","templated":true}]}}