{"id":6786,"date":"2025-12-11T09:15:14","date_gmt":"2025-12-11T12:15:14","guid":{"rendered":"https:\/\/bmsolucoesedu.com.br\/portal\/?post_type=product&#038;p=6786"},"modified":"2025-12-11T09:36:14","modified_gmt":"2025-12-11T12:36:14","slug":"pipas-educacao-socioemocional-educacao-infantil-nivel-5","status":"publish","type":"product","link":"https:\/\/bmsolucoesedu.com.br\/portal\/produtos\/pipas-educacao-socioemocional-educacao-infantil-nivel-5\/","title":{"rendered":"PIPAS &#8211; EDUCA\u00c7\u00c3O SOCIOEMOCIONAL &#8211; EDUCA\u00c7\u00c3O INFANTIL &#8211; N\u00cdVEL 5"},"content":{"rendered":"<p>Voltado \u00e0s crian\u00e7as que se preparam para o Ensino Fundamental, o programa desenvolve a responsabilidade, a resili\u00eancia e a capacidade de resolver problemas. As atividades promovem a autoconfian\u00e7a e o pensamento cr\u00edtico, integrando emo\u00e7\u00f5es e virtudes em experi\u00eancias l\u00fadicas e significativas.<br \/>\nO box inclui: livro de recortes, livro de hist\u00f3rias (com o mesmo t\u00edtulo para todos os alunos do mesmo n\u00edvel), caderno do aluno e materiais exclusivos para o professor, como o Caderno do Educador e um Planner especial.<\/p>\n","protected":false},"excerpt":{"rendered":"<p>Voltado \u00e0s crian\u00e7as que se preparam para o Ensino Fundamental, o programa desenvolve a responsabilidade, a resili\u00eancia e a capacidade de resolver problemas. As atividades promovem a autoconfian\u00e7a e o pensamento cr\u00edtico, integrando emo\u00e7\u00f5es e virtudes em experi\u00eancias l\u00fadicas e significativas.<br \/>\nO box inclui: livro de recortes, livro de hist\u00f3rias (com o mesmo t\u00edtulo para todos os alunos do mesmo n\u00edvel), caderno do aluno e materiais exclusivos para o professor, como o Caderno do Educador e um Planner especial.<\/p>\n","protected":false},"featured_media":6807,"template":"","meta":[],"product_brand":[],"product_cat":[1687],"product_tag":[1688,211],"class_list":{"0":"post-6786","1":"product","2":"type-product","3":"status-publish","4":"has-post-thumbnail","6":"product_cat-material-didatico-2","7":"product_tag-i286","8":"product_tag-inex","9":"pa_item-i286","10":"pa_marca-cei","11":"pa_n-ata-i286","12":"wcpv_product_vendors-cei-editora-e-distribuidora-ltda","14":"first","15":"instock","16":"shipping-taxable","17":"purchasable","18":"product-type-simple"},"_links":{"self":[{"href":"https:\/\/bmsolucoesedu.com.br\/portal\/wp-json\/wp\/v2\/product\/6786","targetHints":{"allow":["GET"]}}],"collection":[{"href":"https:\/\/bmsolucoesedu.com.br\/portal\/wp-json\/wp\/v2\/product"}],"about":[{"href":"https:\/\/bmsolucoesedu.com.br\/portal\/wp-json\/wp\/v2\/types\/product"}],"wp:featuredmedia":[{"embeddable":true,"href":"https:\/\/bmsolucoesedu.com.br\/portal\/wp-json\/wp\/v2\/media\/6807"}],"wp:attachment":[{"href":"https:\/\/bmsolucoesedu.com.br\/portal\/wp-json\/wp\/v2\/media?parent=6786"}],"wp:term":[{"taxonomy":"product_brand","embeddable":true,"href":"https:\/\/bmsolucoesedu.com.br\/portal\/wp-json\/wp\/v2\/product_brand?post=6786"},{"taxonomy":"product_cat","embeddable":true,"href":"https:\/\/bmsolucoesedu.com.br\/portal\/wp-json\/wp\/v2\/product_cat?post=6786"},{"taxonomy":"product_tag","embeddable":true,"href":"https:\/\/bmsolucoesedu.com.br\/portal\/wp-json\/wp\/v2\/product_tag?post=6786"}],"curies":[{"name":"wp","href":"https:\/\/api.w.org\/{rel}","templated":true}]}}