{"id":6654,"date":"2025-11-10T19:51:23","date_gmt":"2025-11-10T22:51:23","guid":{"rendered":"https:\/\/bmsolucoesedu.com.br\/portal\/?post_type=product&#038;p=6654"},"modified":"2025-11-11T11:57:52","modified_gmt":"2025-11-11T14:57:52","slug":"encontro-das-artes","status":"publish","type":"product","link":"https:\/\/bmsolucoesedu.com.br\/portal\/produtos\/encontro-das-artes\/","title":{"rendered":"ENCONTRO DAS ARTES"},"content":{"rendered":"<p>O universo das artes \u00e9 o contexto deste projeto. O aluno \u00e9 convidado a participar de um sarau solid\u00e1rio que envolve a comunidade numa corrente do bem criando pe\u00e7as teatrais, poesias, par\u00f3dias e releitura de obras de arte atrav\u00e9s do uso das ferramentas tecnol\u00f3gicas.<br \/>\nIndica\u00e7\u00e3o: 2\u00ba ao 5\u00ba Ano do Ensino Fundamental<\/p>\n","protected":false},"excerpt":{"rendered":"<p>O universo das artes \u00e9 o contexto deste projeto. O aluno \u00e9 convidado a participar de um sarau solid\u00e1rio que envolve a comunidade numa corrente do bem criando pe\u00e7as teatrais, poesias, par\u00f3dias e releitura de obras de arte atrav\u00e9s do uso das ferramentas tecnol\u00f3gicas.<br \/>\nIndica\u00e7\u00e3o: 2\u00ba ao 5\u00ba Ano do Ensino Fundamental<\/p>\n","protected":false},"featured_media":6682,"template":"","meta":[],"product_brand":[],"product_cat":[540],"product_tag":[1679,211],"class_list":{"0":"post-6654","1":"product","2":"type-product","3":"status-publish","4":"has-post-thumbnail","6":"product_cat-projetos","7":"product_tag-i222","8":"product_tag-inex","9":"pa_item-i222","10":"pa_marca-microkids","11":"pa_n-ata-i222","12":"wcpv_product_vendors-microkids","14":"first","15":"instock","16":"shipping-taxable","17":"purchasable","18":"product-type-simple"},"_links":{"self":[{"href":"https:\/\/bmsolucoesedu.com.br\/portal\/wp-json\/wp\/v2\/product\/6654","targetHints":{"allow":["GET"]}}],"collection":[{"href":"https:\/\/bmsolucoesedu.com.br\/portal\/wp-json\/wp\/v2\/product"}],"about":[{"href":"https:\/\/bmsolucoesedu.com.br\/portal\/wp-json\/wp\/v2\/types\/product"}],"wp:featuredmedia":[{"embeddable":true,"href":"https:\/\/bmsolucoesedu.com.br\/portal\/wp-json\/wp\/v2\/media\/6682"}],"wp:attachment":[{"href":"https:\/\/bmsolucoesedu.com.br\/portal\/wp-json\/wp\/v2\/media?parent=6654"}],"wp:term":[{"taxonomy":"product_brand","embeddable":true,"href":"https:\/\/bmsolucoesedu.com.br\/portal\/wp-json\/wp\/v2\/product_brand?post=6654"},{"taxonomy":"product_cat","embeddable":true,"href":"https:\/\/bmsolucoesedu.com.br\/portal\/wp-json\/wp\/v2\/product_cat?post=6654"},{"taxonomy":"product_tag","embeddable":true,"href":"https:\/\/bmsolucoesedu.com.br\/portal\/wp-json\/wp\/v2\/product_tag?post=6654"}],"curies":[{"name":"wp","href":"https:\/\/api.w.org\/{rel}","templated":true}]}}