{"id":6633,"date":"2025-11-10T19:50:58","date_gmt":"2025-11-10T22:50:58","guid":{"rendered":"https:\/\/bmsolucoesedu.com.br\/portal\/?post_type=product&#038;p=6633"},"modified":"2025-11-11T11:57:51","modified_gmt":"2025-11-11T14:57:51","slug":"codigos-da-hora-invoke","status":"publish","type":"product","link":"https:\/\/bmsolucoesedu.com.br\/portal\/produtos\/codigos-da-hora-invoke\/","title":{"rendered":"C\u00d3DIGOS DA HORA &#8211; INVOKE"},"content":{"rendered":"<p>Desenvolvido com o objetivo de envolver professores e estudantes na cultura maker, o Projeto ETC C\u00f3digos da Hora &#8211; Invoke desenvolve o racioc\u00ednio, utilizando como princ\u00edpio as disciplinas STEM, atrav\u00e9s de atividades pr\u00e1ticas que misturam diferentes conhecimentos e conduzem a uma aprendizagem criativa, interligando 4 \u00e1reas de conhecimento: Ci\u00eancias, Tecnologia, Engenharia e Matem\u00e1tica.<br \/>\nA placa Invoke utiliza a tecnologia Microsoft\u00ae de constru\u00e7\u00e3o por blocos,<br \/>\nonde \u00e9 poss\u00edvel programar, simular e executar todas as atividades do<br \/>\nprojeto.<br \/>\nIndica\u00e7\u00e3o: 6\u00ba ano do Ensino Fundamental ao Ensino M\u00e9dio<\/p>\n","protected":false},"excerpt":{"rendered":"<p>Desenvolvido com o objetivo de envolver professores e estudantes na cultura maker, o Projeto ETC C\u00f3digos da Hora &#8211; Invoke desenvolve o racioc\u00ednio, utilizando como princ\u00edpio as disciplinas STEM, atrav\u00e9s de atividades pr\u00e1ticas que misturam diferentes conhecimentos e conduzem a uma aprendizagem criativa, interligando 4 \u00e1reas de conhecimento: Ci\u00eancias, Tecnologia, Engenharia e Matem\u00e1tica.<br \/>\nA placa Invoke utiliza a tecnologia Microsoft\u00ae de constru\u00e7\u00e3o por blocos,<br \/>\nonde \u00e9 poss\u00edvel programar, simular e executar todas as atividades do<br \/>\nprojeto.<br \/>\nIndica\u00e7\u00e3o: 6\u00ba ano do Ensino Fundamental ao Ensino M\u00e9dio<\/p>\n","protected":false},"featured_media":6672,"template":"","meta":[],"product_brand":[],"product_cat":[540],"product_tag":[1679,211],"class_list":{"0":"post-6633","1":"product","2":"type-product","3":"status-publish","4":"has-post-thumbnail","6":"product_cat-projetos","7":"product_tag-i222","8":"product_tag-inex","9":"pa_item-i222","10":"pa_marca-microkids","11":"pa_n-ata-i222","12":"wcpv_product_vendors-microkids","14":"first","15":"instock","16":"shipping-taxable","17":"purchasable","18":"product-type-simple"},"_links":{"self":[{"href":"https:\/\/bmsolucoesedu.com.br\/portal\/wp-json\/wp\/v2\/product\/6633","targetHints":{"allow":["GET"]}}],"collection":[{"href":"https:\/\/bmsolucoesedu.com.br\/portal\/wp-json\/wp\/v2\/product"}],"about":[{"href":"https:\/\/bmsolucoesedu.com.br\/portal\/wp-json\/wp\/v2\/types\/product"}],"wp:featuredmedia":[{"embeddable":true,"href":"https:\/\/bmsolucoesedu.com.br\/portal\/wp-json\/wp\/v2\/media\/6672"}],"wp:attachment":[{"href":"https:\/\/bmsolucoesedu.com.br\/portal\/wp-json\/wp\/v2\/media?parent=6633"}],"wp:term":[{"taxonomy":"product_brand","embeddable":true,"href":"https:\/\/bmsolucoesedu.com.br\/portal\/wp-json\/wp\/v2\/product_brand?post=6633"},{"taxonomy":"product_cat","embeddable":true,"href":"https:\/\/bmsolucoesedu.com.br\/portal\/wp-json\/wp\/v2\/product_cat?post=6633"},{"taxonomy":"product_tag","embeddable":true,"href":"https:\/\/bmsolucoesedu.com.br\/portal\/wp-json\/wp\/v2\/product_tag?post=6633"}],"curies":[{"name":"wp","href":"https:\/\/api.w.org\/{rel}","templated":true}]}}