{"id":6630,"date":"2025-11-10T19:50:58","date_gmt":"2025-11-10T22:50:58","guid":{"rendered":"https:\/\/bmsolucoesedu.com.br\/portal\/?post_type=product&#038;p=6630"},"modified":"2025-11-11T11:57:55","modified_gmt":"2025-11-11T14:57:55","slug":"xadrez-a-arte-de-pensar","status":"publish","type":"product","link":"https:\/\/bmsolucoesedu.com.br\/portal\/produtos\/xadrez-a-arte-de-pensar\/","title":{"rendered":"XADREZ &#8211; A ARTE DE PENSAR"},"content":{"rendered":"<p>Atrav\u00e9s da arte do xadrez, este projeto prop\u00f5e desenvolver diversas habilidades envolvidas na pr\u00e1tica desse jogo que \u00e9 uma verdadeira gin\u00e1stica para o c\u00e9rebro. O aluno cria atividades interativas multim\u00eddia, jogos digitais e anima\u00e7\u00f5es utilizando a l\u00f3gica e linguagem de programa\u00e7\u00e3o, desenvolvendo o pensamento computacional e o racioc\u00ednio l\u00f3gico.<br \/>\nIndica\u00e7\u00e3o: 6\u00ba ao 8\u00ba Ano do Ensino Fundamental<\/p>\n","protected":false},"excerpt":{"rendered":"<p>Atrav\u00e9s da arte do xadrez, este projeto prop\u00f5e desenvolver diversas habilidades envolvidas na pr\u00e1tica desse jogo que \u00e9 uma verdadeira gin\u00e1stica para o c\u00e9rebro. O aluno cria atividades interativas multim\u00eddia, jogos digitais e anima\u00e7\u00f5es utilizando a l\u00f3gica e linguagem de programa\u00e7\u00e3o, desenvolvendo o pensamento computacional e o racioc\u00ednio l\u00f3gico.<br \/>\nIndica\u00e7\u00e3o: 6\u00ba ao 8\u00ba Ano do Ensino Fundamental<\/p>\n","protected":false},"featured_media":6713,"template":"","meta":[],"product_brand":[],"product_cat":[540],"product_tag":[1679,211],"class_list":{"0":"post-6630","1":"product","2":"type-product","3":"status-publish","4":"has-post-thumbnail","6":"product_cat-projetos","7":"product_tag-i222","8":"product_tag-inex","9":"pa_item-i222","10":"pa_marca-microkids","11":"pa_n-ata-i222","12":"wcpv_product_vendors-microkids","14":"first","15":"instock","16":"shipping-taxable","17":"purchasable","18":"product-type-simple"},"_links":{"self":[{"href":"https:\/\/bmsolucoesedu.com.br\/portal\/wp-json\/wp\/v2\/product\/6630","targetHints":{"allow":["GET"]}}],"collection":[{"href":"https:\/\/bmsolucoesedu.com.br\/portal\/wp-json\/wp\/v2\/product"}],"about":[{"href":"https:\/\/bmsolucoesedu.com.br\/portal\/wp-json\/wp\/v2\/types\/product"}],"wp:featuredmedia":[{"embeddable":true,"href":"https:\/\/bmsolucoesedu.com.br\/portal\/wp-json\/wp\/v2\/media\/6713"}],"wp:attachment":[{"href":"https:\/\/bmsolucoesedu.com.br\/portal\/wp-json\/wp\/v2\/media?parent=6630"}],"wp:term":[{"taxonomy":"product_brand","embeddable":true,"href":"https:\/\/bmsolucoesedu.com.br\/portal\/wp-json\/wp\/v2\/product_brand?post=6630"},{"taxonomy":"product_cat","embeddable":true,"href":"https:\/\/bmsolucoesedu.com.br\/portal\/wp-json\/wp\/v2\/product_cat?post=6630"},{"taxonomy":"product_tag","embeddable":true,"href":"https:\/\/bmsolucoesedu.com.br\/portal\/wp-json\/wp\/v2\/product_tag?post=6630"}],"curies":[{"name":"wp","href":"https:\/\/api.w.org\/{rel}","templated":true}]}}