{"id":6618,"date":"2025-11-10T19:50:47","date_gmt":"2025-11-10T22:50:47","guid":{"rendered":"https:\/\/bmsolucoesedu.com.br\/portal\/?post_type=product&#038;p=6618"},"modified":"2025-11-11T11:57:53","modified_gmt":"2025-11-11T14:57:53","slug":"mk-maker-circuitos-em-papel","status":"publish","type":"product","link":"https:\/\/bmsolucoesedu.com.br\/portal\/produtos\/mk-maker-circuitos-em-papel\/","title":{"rendered":"MK MAKER &#8211; CIRCUITOS EM PAPEL"},"content":{"rendered":"<p>A cultura do fazer \u00e9 extremamente importante nos dias atuais. Ela tem o poder de impelir as pessoas a construir novas possibilidades. Nesse contexto se desdobra a proposta deste projeto. Os alunos ir\u00e3o empregar o conhecimento em circuitos el\u00e9tricos em diferentes constru\u00e7\u00f5es.<br \/>\nVamos nessa? Saber fazer pode ser o seu maior diferencial!<br \/>\nIndica\u00e7\u00e3o: 6\u00ba ao 9\u00ba Ano do Ensino Fundamental<\/p>\n","protected":false},"excerpt":{"rendered":"<p>A cultura do fazer \u00e9 extremamente importante nos dias atuais. Ela tem o poder de impelir as pessoas a construir novas possibilidades. Nesse contexto se desdobra a proposta deste projeto. Os alunos ir\u00e3o empregar o conhecimento em circuitos el\u00e9tricos em diferentes constru\u00e7\u00f5es.<br \/>\nVamos nessa? Saber fazer pode ser o seu maior diferencial!<br \/>\nIndica\u00e7\u00e3o: 6\u00ba ao 9\u00ba Ano do Ensino Fundamental<\/p>\n","protected":false},"featured_media":6694,"template":"","meta":[],"product_brand":[],"product_cat":[540],"product_tag":[1679,211],"class_list":{"0":"post-6618","1":"product","2":"type-product","3":"status-publish","4":"has-post-thumbnail","6":"product_cat-projetos","7":"product_tag-i222","8":"product_tag-inex","9":"pa_item-i222","10":"pa_marca-microkids","11":"pa_n-ata-i222","12":"wcpv_product_vendors-microkids","14":"first","15":"instock","16":"shipping-taxable","17":"purchasable","18":"product-type-simple"},"_links":{"self":[{"href":"https:\/\/bmsolucoesedu.com.br\/portal\/wp-json\/wp\/v2\/product\/6618","targetHints":{"allow":["GET"]}}],"collection":[{"href":"https:\/\/bmsolucoesedu.com.br\/portal\/wp-json\/wp\/v2\/product"}],"about":[{"href":"https:\/\/bmsolucoesedu.com.br\/portal\/wp-json\/wp\/v2\/types\/product"}],"wp:featuredmedia":[{"embeddable":true,"href":"https:\/\/bmsolucoesedu.com.br\/portal\/wp-json\/wp\/v2\/media\/6694"}],"wp:attachment":[{"href":"https:\/\/bmsolucoesedu.com.br\/portal\/wp-json\/wp\/v2\/media?parent=6618"}],"wp:term":[{"taxonomy":"product_brand","embeddable":true,"href":"https:\/\/bmsolucoesedu.com.br\/portal\/wp-json\/wp\/v2\/product_brand?post=6618"},{"taxonomy":"product_cat","embeddable":true,"href":"https:\/\/bmsolucoesedu.com.br\/portal\/wp-json\/wp\/v2\/product_cat?post=6618"},{"taxonomy":"product_tag","embeddable":true,"href":"https:\/\/bmsolucoesedu.com.br\/portal\/wp-json\/wp\/v2\/product_tag?post=6618"}],"curies":[{"name":"wp","href":"https:\/\/api.w.org\/{rel}","templated":true}]}}