{"id":6409,"date":"2025-11-06T18:16:41","date_gmt":"2025-11-06T21:16:41","guid":{"rendered":"https:\/\/bmsolucoesedu.com.br\/portal\/?post_type=product&#038;p=6409"},"modified":"2025-11-10T11:13:46","modified_gmt":"2025-11-10T14:13:46","slug":"oficina-de-construcao-criativa","status":"publish","type":"product","link":"https:\/\/bmsolucoesedu.com.br\/portal\/produtos\/oficina-de-construcao-criativa\/","title":{"rendered":"Oficina de Constru\u00e7\u00e3o Criativa"},"content":{"rendered":"<p>Descri\u00e7\u00e3o pedag\u00f3gica: Estimula desenvolvimento integral por meio de explora\u00e7\u00e3o ativa e criativa, promovendo autonomia, imagina\u00e7\u00e3o e aprendizagem significativa.<br \/>\n Dimens\u00f5es: 72x29x64<\/p>\n","protected":false},"excerpt":{"rendered":"<p>Descri\u00e7\u00e3o pedag\u00f3gica: Estimula desenvolvimento integral por meio de explora\u00e7\u00e3o ativa e criativa, promovendo autonomia, imagina\u00e7\u00e3o e aprendizagem significativa.<br \/>\n Dimens\u00f5es: 72x29x64<\/p>\n","protected":false},"featured_media":6514,"template":"","meta":[],"product_brand":[],"product_cat":[885],"product_tag":[1112,211],"class_list":{"0":"post-6409","1":"product","2":"type-product","3":"status-publish","4":"has-post-thumbnail","6":"product_cat-montessori","7":"product_tag-i203","8":"product_tag-inex","9":"pa_item-ek1732","10":"pa_item-i203","11":"pa_marca-ecotimber","12":"pa_n-ata-i203","13":"wcpv_product_vendors-ecotimber","15":"first","16":"instock","17":"shipping-taxable","18":"purchasable","19":"product-type-simple"},"_links":{"self":[{"href":"https:\/\/bmsolucoesedu.com.br\/portal\/wp-json\/wp\/v2\/product\/6409","targetHints":{"allow":["GET"]}}],"collection":[{"href":"https:\/\/bmsolucoesedu.com.br\/portal\/wp-json\/wp\/v2\/product"}],"about":[{"href":"https:\/\/bmsolucoesedu.com.br\/portal\/wp-json\/wp\/v2\/types\/product"}],"wp:featuredmedia":[{"embeddable":true,"href":"https:\/\/bmsolucoesedu.com.br\/portal\/wp-json\/wp\/v2\/media\/6514"}],"wp:attachment":[{"href":"https:\/\/bmsolucoesedu.com.br\/portal\/wp-json\/wp\/v2\/media?parent=6409"}],"wp:term":[{"taxonomy":"product_brand","embeddable":true,"href":"https:\/\/bmsolucoesedu.com.br\/portal\/wp-json\/wp\/v2\/product_brand?post=6409"},{"taxonomy":"product_cat","embeddable":true,"href":"https:\/\/bmsolucoesedu.com.br\/portal\/wp-json\/wp\/v2\/product_cat?post=6409"},{"taxonomy":"product_tag","embeddable":true,"href":"https:\/\/bmsolucoesedu.com.br\/portal\/wp-json\/wp\/v2\/product_tag?post=6409"}],"curies":[{"name":"wp","href":"https:\/\/api.w.org\/{rel}","templated":true}]}}