{"id":6390,"date":"2025-11-06T18:16:34","date_gmt":"2025-11-06T21:16:34","guid":{"rendered":"https:\/\/bmsolucoesedu.com.br\/portal\/?post_type=product&#038;p=6390"},"modified":"2025-11-10T11:13:49","modified_gmt":"2025-11-10T14:13:49","slug":"mesa-pedagogica-com-bancos-integrados","status":"publish","type":"product","link":"https:\/\/bmsolucoesedu.com.br\/portal\/produtos\/mesa-pedagogica-com-bancos-integrados\/","title":{"rendered":"Mesa Pedag\u00f3gica com Bancos Integrados"},"content":{"rendered":"<p>Descri\u00e7\u00e3o pedag\u00f3gica: Oferece ergonomia adequada e apoio para atividades pedag\u00f3gicas, promovendo intera\u00e7\u00e3o, foco e coopera\u00e7\u00e3o.<br \/>\n Dimens\u00f5es: 100x60x16<\/p>\n","protected":false},"excerpt":{"rendered":"<p>Descri\u00e7\u00e3o pedag\u00f3gica: Oferece ergonomia adequada e apoio para atividades pedag\u00f3gicas, promovendo intera\u00e7\u00e3o, foco e coopera\u00e7\u00e3o.<br \/>\n Dimens\u00f5es: 100x60x16<\/p>\n","protected":false},"featured_media":6533,"template":"","meta":[],"product_brand":[],"product_cat":[885],"product_tag":[1112,211],"class_list":{"0":"post-6390","1":"product","2":"type-product","3":"status-publish","4":"has-post-thumbnail","6":"product_cat-montessori","7":"product_tag-i203","8":"product_tag-inex","9":"pa_item-ee4424","10":"pa_item-i203","11":"pa_marca-ecotimber","12":"pa_n-ata-i203","13":"wcpv_product_vendors-ecotimber","15":"first","16":"instock","17":"shipping-taxable","18":"purchasable","19":"product-type-simple"},"_links":{"self":[{"href":"https:\/\/bmsolucoesedu.com.br\/portal\/wp-json\/wp\/v2\/product\/6390","targetHints":{"allow":["GET"]}}],"collection":[{"href":"https:\/\/bmsolucoesedu.com.br\/portal\/wp-json\/wp\/v2\/product"}],"about":[{"href":"https:\/\/bmsolucoesedu.com.br\/portal\/wp-json\/wp\/v2\/types\/product"}],"wp:featuredmedia":[{"embeddable":true,"href":"https:\/\/bmsolucoesedu.com.br\/portal\/wp-json\/wp\/v2\/media\/6533"}],"wp:attachment":[{"href":"https:\/\/bmsolucoesedu.com.br\/portal\/wp-json\/wp\/v2\/media?parent=6390"}],"wp:term":[{"taxonomy":"product_brand","embeddable":true,"href":"https:\/\/bmsolucoesedu.com.br\/portal\/wp-json\/wp\/v2\/product_brand?post=6390"},{"taxonomy":"product_cat","embeddable":true,"href":"https:\/\/bmsolucoesedu.com.br\/portal\/wp-json\/wp\/v2\/product_cat?post=6390"},{"taxonomy":"product_tag","embeddable":true,"href":"https:\/\/bmsolucoesedu.com.br\/portal\/wp-json\/wp\/v2\/product_tag?post=6390"}],"curies":[{"name":"wp","href":"https:\/\/api.w.org\/{rel}","templated":true}]}}