{"id":6377,"date":"2025-11-06T18:16:32","date_gmt":"2025-11-06T21:16:32","guid":{"rendered":"https:\/\/bmsolucoesedu.com.br\/portal\/?post_type=product&#038;p=6377"},"modified":"2025-11-10T11:13:51","modified_gmt":"2025-11-10T14:13:51","slug":"expositor-pedagogico-vertical","status":"publish","type":"product","link":"https:\/\/bmsolucoesedu.com.br\/portal\/produtos\/expositor-pedagogico-vertical\/","title":{"rendered":"Expositor Pedag\u00f3gico Vertical"},"content":{"rendered":"<p>Descri\u00e7\u00e3o pedag\u00f3gica: Organiza materiais pedag\u00f3gicos de forma acess\u00edvel, incentivando leitura e autonomia no uso cotidiano.<br \/>\n Dimens\u00f5es: 3,5x90x170<\/p>\n","protected":false},"excerpt":{"rendered":"<p>Descri\u00e7\u00e3o pedag\u00f3gica: Organiza materiais pedag\u00f3gicos de forma acess\u00edvel, incentivando leitura e autonomia no uso cotidiano.<br \/>\n Dimens\u00f5es: 3,5x90x170<\/p>\n","protected":false},"featured_media":6543,"template":"","meta":[],"product_brand":[],"product_cat":[885],"product_tag":[1112,211],"class_list":{"0":"post-6377","1":"product","2":"type-product","3":"status-publish","4":"has-post-thumbnail","6":"product_cat-montessori","7":"product_tag-i203","8":"product_tag-inex","9":"pa_item-ee4398","10":"pa_item-i203","11":"pa_marca-ecotimber","12":"pa_n-ata-i203","13":"wcpv_product_vendors-ecotimber","15":"first","16":"instock","17":"shipping-taxable","18":"purchasable","19":"product-type-simple"},"_links":{"self":[{"href":"https:\/\/bmsolucoesedu.com.br\/portal\/wp-json\/wp\/v2\/product\/6377","targetHints":{"allow":["GET"]}}],"collection":[{"href":"https:\/\/bmsolucoesedu.com.br\/portal\/wp-json\/wp\/v2\/product"}],"about":[{"href":"https:\/\/bmsolucoesedu.com.br\/portal\/wp-json\/wp\/v2\/types\/product"}],"wp:featuredmedia":[{"embeddable":true,"href":"https:\/\/bmsolucoesedu.com.br\/portal\/wp-json\/wp\/v2\/media\/6543"}],"wp:attachment":[{"href":"https:\/\/bmsolucoesedu.com.br\/portal\/wp-json\/wp\/v2\/media?parent=6377"}],"wp:term":[{"taxonomy":"product_brand","embeddable":true,"href":"https:\/\/bmsolucoesedu.com.br\/portal\/wp-json\/wp\/v2\/product_brand?post=6377"},{"taxonomy":"product_cat","embeddable":true,"href":"https:\/\/bmsolucoesedu.com.br\/portal\/wp-json\/wp\/v2\/product_cat?post=6377"},{"taxonomy":"product_tag","embeddable":true,"href":"https:\/\/bmsolucoesedu.com.br\/portal\/wp-json\/wp\/v2\/product_tag?post=6377"}],"curies":[{"name":"wp","href":"https:\/\/api.w.org\/{rel}","templated":true}]}}