{"id":5868,"date":"2025-10-18T17:12:22","date_gmt":"2025-10-18T20:12:22","guid":{"rendered":"https:\/\/bmsolucoesedu.com.br\/portal\/?post_type=product&#038;p=5868"},"modified":"2025-11-18T14:01:24","modified_gmt":"2025-11-18T17:01:24","slug":"raizes-da-terra","status":"publish","type":"product","link":"https:\/\/bmsolucoesedu.com.br\/portal\/produtos\/raizes-da-terra\/","title":{"rendered":"RA\u00cdZES DA TERRA"},"content":{"rendered":"<p>Livro de at\u00e9 200 p\u00e1ginas sobre o munic\u00edpio para o Ensino Fundamental, em conson\u00e2ncia com as compet\u00eancias e habilidades da BNCC, sendo que ele ser\u00e1 criado com a participa\u00e7\u00e3o de autores e fot\u00f3grafos locais, que ser\u00e3o remunerados, com o suporte da editora, at\u00e9 o final da conclus\u00e3o do livro. A obra ser\u00e1 enriquecida com v\u00eddeos, imagens 3D, \u00e1udios e entrevistas disponibilizados por QR Code. A editora ministrar\u00e1 forma\u00e7\u00e3o presencial para todos os professores da rede e cada estudante receber\u00e1 um exemplar do livro. O livro \u00e9 composto por cinco unidades, todas elas compostas com atividades que otimizam o aprendizado. As cinco unidades s\u00e3o: Lugar de Viver, Hist\u00f3ria e Mem\u00f3ria, Lazer e Turismo, Educa\u00e7\u00e3o Socioambiental, Poder e Cidadania. Excelente oportunidade para eternizar as mem\u00f3rias locais em uma obra exclusiva, gerando visibilidade perante a comunidade escolar e registrando o nome do prefeito, secret\u00e1rio e demais membros da gest\u00e3o.<\/p>\n","protected":false},"excerpt":{"rendered":"<p>Livro de at\u00e9 200 p\u00e1ginas sobre o munic\u00edpio para o Ensino Fundamental, em conson\u00e2ncia com as compet\u00eancias e habilidades da BNCC, sendo que ele ser\u00e1 criado com a participa\u00e7\u00e3o de autores e fot\u00f3grafos locais, que ser\u00e3o remunerados, com o suporte da editora, at\u00e9 o final da conclus\u00e3o do livro. A obra ser\u00e1 enriquecida com v\u00eddeos, imagens 3D, \u00e1udios e entrevistas disponibilizados por QR Code. A editora ministrar\u00e1 forma\u00e7\u00e3o presencial para todos os professores da rede e cada estudante receber\u00e1 um exemplar do livro. O livro \u00e9 composto por cinco unidades, todas elas compostas com atividades que otimizam o aprendizado. As cinco unidades s\u00e3o: Lugar de Viver, Hist\u00f3ria e Mem\u00f3ria, Lazer e Turismo, Educa\u00e7\u00e3o Socioambiental, Poder e Cidadania. Excelente oportunidade para eternizar as mem\u00f3rias locais em uma obra exclusiva, gerando visibilidade perante a comunidade escolar e registrando o nome do prefeito, secret\u00e1rio e demais membros da gest\u00e3o.<\/p>\n","protected":false},"featured_media":5932,"template":"","meta":[],"product_brand":[],"product_cat":[540],"product_tag":[1509,211],"class_list":{"0":"post-5868","1":"product","2":"type-product","3":"status-publish","4":"has-post-thumbnail","6":"product_cat-projetos","7":"product_tag-i271","8":"product_tag-inex","9":"pa_item-i271","10":"pa_marca-aima","11":"pa_n-ata-i271","12":"wcpv_product_vendors-editora-aima-ltda","14":"first","15":"instock","16":"shipping-taxable","17":"purchasable","18":"product-type-simple"},"_links":{"self":[{"href":"https:\/\/bmsolucoesedu.com.br\/portal\/wp-json\/wp\/v2\/product\/5868","targetHints":{"allow":["GET"]}}],"collection":[{"href":"https:\/\/bmsolucoesedu.com.br\/portal\/wp-json\/wp\/v2\/product"}],"about":[{"href":"https:\/\/bmsolucoesedu.com.br\/portal\/wp-json\/wp\/v2\/types\/product"}],"wp:featuredmedia":[{"embeddable":true,"href":"https:\/\/bmsolucoesedu.com.br\/portal\/wp-json\/wp\/v2\/media\/5932"}],"wp:attachment":[{"href":"https:\/\/bmsolucoesedu.com.br\/portal\/wp-json\/wp\/v2\/media?parent=5868"}],"wp:term":[{"taxonomy":"product_brand","embeddable":true,"href":"https:\/\/bmsolucoesedu.com.br\/portal\/wp-json\/wp\/v2\/product_brand?post=5868"},{"taxonomy":"product_cat","embeddable":true,"href":"https:\/\/bmsolucoesedu.com.br\/portal\/wp-json\/wp\/v2\/product_cat?post=5868"},{"taxonomy":"product_tag","embeddable":true,"href":"https:\/\/bmsolucoesedu.com.br\/portal\/wp-json\/wp\/v2\/product_tag?post=5868"}],"curies":[{"name":"wp","href":"https:\/\/api.w.org\/{rel}","templated":true}]}}