{"id":5815,"date":"2025-10-18T17:12:07","date_gmt":"2025-10-18T20:12:07","guid":{"rendered":"https:\/\/bmsolucoesedu.com.br\/portal\/?post_type=product&#038;p=5815"},"modified":"2025-11-06T18:04:49","modified_gmt":"2025-11-06T21:04:49","slug":"educacao-financeira-plataforma-tindin-1o-ano","status":"publish","type":"product","link":"https:\/\/bmsolucoesedu.com.br\/portal\/produtos\/educacao-financeira-plataforma-tindin-1o-ano\/","title":{"rendered":"EDUCA\u00c7\u00c3O FINANCEIRA, PLATAFORMA TINDIN 1\u00ba ANO"},"content":{"rendered":"<p>O Tindin \u00e9 uma solu\u00e7\u00e3o de educa\u00e7\u00e3o financeira que alia divers\u00e3o e cultura digital para os alunos dos Anos Iniciais do Ensino Fundamental com ferramentas e conte\u00fados atuais e contextualizados com a realidade brasileira.<\/p>\n","protected":false},"excerpt":{"rendered":"<p>O Tindin \u00e9 uma solu\u00e7\u00e3o de educa\u00e7\u00e3o financeira que alia divers\u00e3o e cultura digital para os alunos dos Anos Iniciais do Ensino Fundamental com ferramentas e conte\u00fados atuais e contextualizados com a realidade brasileira.<\/p>\n","protected":false},"featured_media":5920,"template":"","meta":[],"product_brand":[],"product_cat":[540],"product_tag":[1456,211],"class_list":{"0":"post-5815","1":"product","2":"type-product","3":"status-publish","4":"has-post-thumbnail","6":"product_cat-projetos","7":"product_tag-i170","8":"product_tag-inex","9":"pa_item-i170","10":"pa_marca-saber","11":"pa_n-ata-i170","12":"wcpv_product_vendors-saber-educacao","14":"first","15":"instock","16":"shipping-taxable","17":"purchasable","18":"product-type-simple"},"_links":{"self":[{"href":"https:\/\/bmsolucoesedu.com.br\/portal\/wp-json\/wp\/v2\/product\/5815","targetHints":{"allow":["GET"]}}],"collection":[{"href":"https:\/\/bmsolucoesedu.com.br\/portal\/wp-json\/wp\/v2\/product"}],"about":[{"href":"https:\/\/bmsolucoesedu.com.br\/portal\/wp-json\/wp\/v2\/types\/product"}],"wp:featuredmedia":[{"embeddable":true,"href":"https:\/\/bmsolucoesedu.com.br\/portal\/wp-json\/wp\/v2\/media\/5920"}],"wp:attachment":[{"href":"https:\/\/bmsolucoesedu.com.br\/portal\/wp-json\/wp\/v2\/media?parent=5815"}],"wp:term":[{"taxonomy":"product_brand","embeddable":true,"href":"https:\/\/bmsolucoesedu.com.br\/portal\/wp-json\/wp\/v2\/product_brand?post=5815"},{"taxonomy":"product_cat","embeddable":true,"href":"https:\/\/bmsolucoesedu.com.br\/portal\/wp-json\/wp\/v2\/product_cat?post=5815"},{"taxonomy":"product_tag","embeddable":true,"href":"https:\/\/bmsolucoesedu.com.br\/portal\/wp-json\/wp\/v2\/product_tag?post=5815"}],"curies":[{"name":"wp","href":"https:\/\/api.w.org\/{rel}","templated":true}]}}