{"id":5807,"date":"2025-10-18T17:12:00","date_gmt":"2025-10-18T20:12:00","guid":{"rendered":"https:\/\/bmsolucoesedu.com.br\/portal\/?post_type=product&#038;p=5807"},"modified":"2025-10-18T19:32:27","modified_gmt":"2025-10-18T22:32:27","slug":"lem-impresso-ef1-basico-4o-ano-fundamental","status":"publish","type":"product","link":"https:\/\/bmsolucoesedu.com.br\/portal\/produtos\/lem-impresso-ef1-basico-4o-ano-fundamental\/","title":{"rendered":"LEM &#8211; Impresso &#8211; EF1 &#8211; B\u00e1sico &#8211; 4\u00ba ano Fundamental"},"content":{"rendered":"<p>Os livros desta cole\u00e7\u00e3o destinam-se ao desenvolvimento das compet\u00eancias socioemocionais e s\u00e3o estruturados em quatro Cap\u00edtulos: Criando uma sala de aula de Lideran\u00e7a; Liderando a si mesmo; Liderando outros; Mais formas de Liderar. As li\u00e7\u00f5es desses Cap\u00edtulos trabalham conceitos de lideranca por meio de conceitos-chaves, com linguagem ludica e apropriada \u00e0 faixa etaria. As atividades buscam conectar conceito em questao com um aprendizado anterior; oferecer uma sa\u00edda criativa; fornecer novas informa\u00e7\u00f5es; pede \u00e0 crian\u00e7a que aplique as informa\u00e7\u00f5es \u00e0 vida. Al\u00e9m disto, cada Li\u00e7\u00e3o \u00e9 enriquecida com ilustra\u00e7\u00f5es e\/ou fotografias que auxiliam no entendimento do conceito. As Ferramentas de Lideran\u00e7a s\u00e3o parte fundamental dos volumes desta Cole\u00e7\u00e3o, e por meio delas as crian\u00e7as aprendem e ratificam conceitos-chaves estudados anteriormente. As personagens v\u00e3o crescendo junto com as crian\u00e7as ao longo do 1\u00ba, 2\u00ba, 3\u00ba e 4\u00ba anos. No 1\u00ba e 2\u00ba ano h\u00e1 a presen\u00e7a da Turminha da Floresta, que confere ainda mais ludicidade \u00e0 obra.<\/p>\n","protected":false},"excerpt":{"rendered":"<p>Os livros desta cole\u00e7\u00e3o destinam-se ao desenvolvimento das compet\u00eancias socioemocionais e s\u00e3o estruturados em quatro Cap\u00edtulos: Criando uma sala de aula de Lideran\u00e7a; Liderando a si mesmo; Liderando outros; Mais formas de Liderar. As li\u00e7\u00f5es desses Cap\u00edtulos trabalham conceitos de lideranca por meio de conceitos-chaves, com linguagem ludica e apropriada \u00e0 faixa etaria. As atividades buscam conectar conceito em questao com um aprendizado anterior; oferecer uma sa\u00edda criativa; fornecer novas informa\u00e7\u00f5es; pede \u00e0 crian\u00e7a que aplique as informa\u00e7\u00f5es \u00e0 vida. Al\u00e9m disto, cada Li\u00e7\u00e3o \u00e9 enriquecida com ilustra\u00e7\u00f5es e\/ou fotografias que auxiliam no entendimento do conceito. As Ferramentas de Lideran\u00e7a s\u00e3o parte fundamental dos volumes desta Cole\u00e7\u00e3o, e por meio delas as crian\u00e7as aprendem e ratificam conceitos-chaves estudados anteriormente. As personagens v\u00e3o crescendo junto com as crian\u00e7as ao longo do 1\u00ba, 2\u00ba, 3\u00ba e 4\u00ba anos. No 1\u00ba e 2\u00ba ano h\u00e1 a presen\u00e7a da Turminha da Floresta, que confere ainda mais ludicidade \u00e0 obra.<\/p>\n","protected":false},"featured_media":5906,"template":"","meta":[],"product_brand":[],"product_cat":[967],"product_tag":[1440,211],"class_list":{"0":"post-5807","1":"product","2":"type-product","3":"status-publish","4":"has-post-thumbnail","6":"product_cat-material-didatico","7":"product_tag-i158","8":"product_tag-inex","9":"pa_item-i158","10":"pa_marca-saber","11":"pa_n-ata-i158","12":"wcpv_product_vendors-saber-educacao","14":"first","15":"instock","16":"shipping-taxable","17":"purchasable","18":"product-type-simple"},"_links":{"self":[{"href":"https:\/\/bmsolucoesedu.com.br\/portal\/wp-json\/wp\/v2\/product\/5807","targetHints":{"allow":["GET"]}}],"collection":[{"href":"https:\/\/bmsolucoesedu.com.br\/portal\/wp-json\/wp\/v2\/product"}],"about":[{"href":"https:\/\/bmsolucoesedu.com.br\/portal\/wp-json\/wp\/v2\/types\/product"}],"wp:featuredmedia":[{"embeddable":true,"href":"https:\/\/bmsolucoesedu.com.br\/portal\/wp-json\/wp\/v2\/media\/5906"}],"wp:attachment":[{"href":"https:\/\/bmsolucoesedu.com.br\/portal\/wp-json\/wp\/v2\/media?parent=5807"}],"wp:term":[{"taxonomy":"product_brand","embeddable":true,"href":"https:\/\/bmsolucoesedu.com.br\/portal\/wp-json\/wp\/v2\/product_brand?post=5807"},{"taxonomy":"product_cat","embeddable":true,"href":"https:\/\/bmsolucoesedu.com.br\/portal\/wp-json\/wp\/v2\/product_cat?post=5807"},{"taxonomy":"product_tag","embeddable":true,"href":"https:\/\/bmsolucoesedu.com.br\/portal\/wp-json\/wp\/v2\/product_tag?post=5807"}],"curies":[{"name":"wp","href":"https:\/\/api.w.org\/{rel}","templated":true}]}}