{"id":5803,"date":"2025-10-18T17:12:00","date_gmt":"2025-10-18T20:12:00","guid":{"rendered":"https:\/\/bmsolucoesedu.com.br\/portal\/?post_type=product&#038;p=5803"},"modified":"2025-10-18T19:32:27","modified_gmt":"2025-10-18T22:32:27","slug":"sistema-lider-em-mim-5-anos","status":"publish","type":"product","link":"https:\/\/bmsolucoesedu.com.br\/portal\/produtos\/sistema-lider-em-mim-5-anos\/","title":{"rendered":"SISTEMA LIDER EM MIM &#8211; 5 ANOS"},"content":{"rendered":"<p>Livro did\u00e1tico desenvolvido para crian\u00e7as da Educa\u00e7\u00e3o Infantil, com o prop\u00f3sito de ensinar Princ\u00edpios de Lideran\u00e7a e a forma\u00e7\u00e3o socioemocional. Cont\u00e9m 26 li\u00e7\u00f5es que abordam conceitos-chaves tais como: Iniciativa; resolver conflitos; valorizar as diferen\u00e7as; encontrar equil\u00edbrio; responsabilidade e cidadania, empatia; coopera\u00e7\u00e3o. Cada li\u00e7\u00e3o \u00e9 desenvolvida em duas p\u00e1ginas, apresentando primeiramente o conceito-chave e, na sequ\u00eancia, o t\u00edtulo da li\u00e7\u00e3o, com espa\u00e7o adequado para registro da crian\u00e7a. As atividades s\u00e3o bastante l\u00fadicas e enunciados de f\u00e1cil entendimento para a faixa et\u00e1ria. O conte\u00fado \u00e9 apresentado com uma divertida aventura de descobertas e aprendizados, trazidos pela Turminha da Floresta, que confere ainda mais ludicidade \u00e0 obra. Atividades diversificadas, como: colorir, desenhar, completar, cantar, dan\u00e7ar. E material de apoio ao final com certificado de lideran\u00e7a, m\u00e1scaras, fantoches, dedoches, marca livro, crach\u00e1 de mesa, jogo da mem\u00f3ria entre outros recursos para enriquecer a aula.<\/p>\n","protected":false},"excerpt":{"rendered":"<p>Livro did\u00e1tico desenvolvido para crian\u00e7as da Educa\u00e7\u00e3o Infantil, com o prop\u00f3sito de ensinar Princ\u00edpios de Lideran\u00e7a e a forma\u00e7\u00e3o socioemocional. Cont\u00e9m 26 li\u00e7\u00f5es que abordam conceitos-chaves tais como: Iniciativa; resolver conflitos; valorizar as diferen\u00e7as; encontrar equil\u00edbrio; responsabilidade e cidadania, empatia; coopera\u00e7\u00e3o. Cada li\u00e7\u00e3o \u00e9 desenvolvida em duas p\u00e1ginas, apresentando primeiramente o conceito-chave e, na sequ\u00eancia, o t\u00edtulo da li\u00e7\u00e3o, com espa\u00e7o adequado para registro da crian\u00e7a. As atividades s\u00e3o bastante l\u00fadicas e enunciados de f\u00e1cil entendimento para a faixa et\u00e1ria. O conte\u00fado \u00e9 apresentado com uma divertida aventura de descobertas e aprendizados, trazidos pela Turminha da Floresta, que confere ainda mais ludicidade \u00e0 obra. Atividades diversificadas, como: colorir, desenhar, completar, cantar, dan\u00e7ar. E material de apoio ao final com certificado de lideran\u00e7a, m\u00e1scaras, fantoches, dedoches, marca livro, crach\u00e1 de mesa, jogo da mem\u00f3ria entre outros recursos para enriquecer a aula.<\/p>\n","protected":false},"featured_media":5902,"template":"","meta":[],"product_brand":[],"product_cat":[967],"product_tag":[1440,211],"class_list":{"0":"post-5803","1":"product","2":"type-product","3":"status-publish","4":"has-post-thumbnail","6":"product_cat-material-didatico","7":"product_tag-i158","8":"product_tag-inex","9":"pa_item-i158","10":"pa_marca-saber","11":"pa_n-ata-i158","12":"wcpv_product_vendors-saber-educacao","14":"first","15":"instock","16":"shipping-taxable","17":"purchasable","18":"product-type-simple"},"_links":{"self":[{"href":"https:\/\/bmsolucoesedu.com.br\/portal\/wp-json\/wp\/v2\/product\/5803","targetHints":{"allow":["GET"]}}],"collection":[{"href":"https:\/\/bmsolucoesedu.com.br\/portal\/wp-json\/wp\/v2\/product"}],"about":[{"href":"https:\/\/bmsolucoesedu.com.br\/portal\/wp-json\/wp\/v2\/types\/product"}],"wp:featuredmedia":[{"embeddable":true,"href":"https:\/\/bmsolucoesedu.com.br\/portal\/wp-json\/wp\/v2\/media\/5902"}],"wp:attachment":[{"href":"https:\/\/bmsolucoesedu.com.br\/portal\/wp-json\/wp\/v2\/media?parent=5803"}],"wp:term":[{"taxonomy":"product_brand","embeddable":true,"href":"https:\/\/bmsolucoesedu.com.br\/portal\/wp-json\/wp\/v2\/product_brand?post=5803"},{"taxonomy":"product_cat","embeddable":true,"href":"https:\/\/bmsolucoesedu.com.br\/portal\/wp-json\/wp\/v2\/product_cat?post=5803"},{"taxonomy":"product_tag","embeddable":true,"href":"https:\/\/bmsolucoesedu.com.br\/portal\/wp-json\/wp\/v2\/product_tag?post=5803"}],"curies":[{"name":"wp","href":"https:\/\/api.w.org\/{rel}","templated":true}]}}