{"id":5795,"date":"2025-10-18T17:12:00","date_gmt":"2025-10-18T20:12:00","guid":{"rendered":"https:\/\/bmsolucoesedu.com.br\/portal\/?post_type=product&#038;p=5795"},"modified":"2025-10-18T18:22:50","modified_gmt":"2025-10-18T21:22:50","slug":"ingles-wings-educacao-infantil-2o-ano","status":"publish","type":"product","link":"https:\/\/bmsolucoesedu.com.br\/portal\/produtos\/ingles-wings-educacao-infantil-2o-ano\/","title":{"rendered":"INGL\u00caS &#8211; WINGS &#8211; EDUCACAO INFANTIL &#8211; 2\u00ba ano"},"content":{"rendered":"<p>Wings \u00e9 uma solu\u00e7\u00e3o educacional para o ensino de l\u00edngua inglesa, pensada para os anos iniciais do Ensino Fundamental. Desenvolvida a partir dos mais de 50 anos de experi\u00eancia da Red Balloon, a proposta apresenta recursos did\u00e1ticos contextualizados e atualizados pensados especificamente para a rede p\u00fablica a fim de auxiliar institui\u00e7\u00f5es e docentes a oferecerem aos estudantes um aprendizado de ingl\u00eas leve, envolvente e eficaz.<\/p>\n","protected":false},"excerpt":{"rendered":"<p>Wings \u00e9 uma solu\u00e7\u00e3o educacional para o ensino de l\u00edngua inglesa, pensada para os anos iniciais do Ensino Fundamental. Desenvolvida a partir dos mais de 50 anos de experi\u00eancia da Red Balloon, a proposta apresenta recursos did\u00e1ticos contextualizados e atualizados pensados especificamente para a rede p\u00fablica a fim de auxiliar institui\u00e7\u00f5es e docentes a oferecerem aos estudantes um aprendizado de ingl\u00eas leve, envolvente e eficaz.<\/p>\n","protected":false},"featured_media":5890,"template":"","meta":[],"product_brand":[],"product_cat":[961],"product_tag":[1439,211],"class_list":{"0":"post-5795","1":"product","2":"type-product","3":"status-publish","4":"has-post-thumbnail","6":"product_cat-material-pedagogico","7":"product_tag-i155","8":"product_tag-inex","9":"pa_item-i155","10":"pa_marca-saber","11":"pa_n-ata-i155","12":"wcpv_product_vendors-saber-educacao","14":"first","15":"instock","16":"shipping-taxable","17":"purchasable","18":"product-type-simple"},"_links":{"self":[{"href":"https:\/\/bmsolucoesedu.com.br\/portal\/wp-json\/wp\/v2\/product\/5795","targetHints":{"allow":["GET"]}}],"collection":[{"href":"https:\/\/bmsolucoesedu.com.br\/portal\/wp-json\/wp\/v2\/product"}],"about":[{"href":"https:\/\/bmsolucoesedu.com.br\/portal\/wp-json\/wp\/v2\/types\/product"}],"wp:featuredmedia":[{"embeddable":true,"href":"https:\/\/bmsolucoesedu.com.br\/portal\/wp-json\/wp\/v2\/media\/5890"}],"wp:attachment":[{"href":"https:\/\/bmsolucoesedu.com.br\/portal\/wp-json\/wp\/v2\/media?parent=5795"}],"wp:term":[{"taxonomy":"product_brand","embeddable":true,"href":"https:\/\/bmsolucoesedu.com.br\/portal\/wp-json\/wp\/v2\/product_brand?post=5795"},{"taxonomy":"product_cat","embeddable":true,"href":"https:\/\/bmsolucoesedu.com.br\/portal\/wp-json\/wp\/v2\/product_cat?post=5795"},{"taxonomy":"product_tag","embeddable":true,"href":"https:\/\/bmsolucoesedu.com.br\/portal\/wp-json\/wp\/v2\/product_tag?post=5795"}],"curies":[{"name":"wp","href":"https:\/\/api.w.org\/{rel}","templated":true}]}}