{"id":5790,"date":"2025-10-18T17:11:59","date_gmt":"2025-10-18T20:11:59","guid":{"rendered":"https:\/\/bmsolucoesedu.com.br\/portal\/?post_type=product&#038;p=5790"},"modified":"2025-10-18T18:17:42","modified_gmt":"2025-10-18T21:17:42","slug":"ingles-super-friends-anos-iniciais-2o-ano","status":"publish","type":"product","link":"https:\/\/bmsolucoesedu.com.br\/portal\/produtos\/ingles-super-friends-anos-iniciais-2o-ano\/","title":{"rendered":"INGLES &#8211; SUPER FRIENDS &#8211; ANOS INICIAIS &#8211; 2\u00ba ano"},"content":{"rendered":"<p>Super Friends &#8211; Kids \u00e9 uma cole\u00e7\u00e3o did\u00e1tica de L\u00edngua Inglesa voltada aos anos iniciais do Ensino Fupdamental, com uma abordagem simtples, leve e agrad\u00e1vel pensada exclusivamente para as escolas p\u00fablicas\u00a0brasileiras.<\/p>\n","protected":false},"excerpt":{"rendered":"<p>Super Friends &#8211; Kids \u00e9 uma cole\u00e7\u00e3o did\u00e1tica de L\u00edngua Inglesa voltada aos anos iniciais do Ensino Fupdamental, com uma abordagem simtples, leve e agrad\u00e1vel pensada exclusivamente para as escolas p\u00fablicas\u00a0brasileiras.<\/p>\n","protected":false},"featured_media":5886,"template":"","meta":[],"product_brand":[],"product_cat":[967],"product_tag":[1438,211],"class_list":{"0":"post-5790","1":"product","2":"type-product","3":"status-publish","4":"has-post-thumbnail","6":"product_cat-material-didatico","7":"product_tag-i154","8":"product_tag-inex","9":"pa_item-i154","10":"pa_marca-saber","11":"pa_n-ata-i154","12":"wcpv_product_vendors-saber-educacao","14":"first","15":"instock","16":"shipping-taxable","17":"purchasable","18":"product-type-simple"},"_links":{"self":[{"href":"https:\/\/bmsolucoesedu.com.br\/portal\/wp-json\/wp\/v2\/product\/5790","targetHints":{"allow":["GET"]}}],"collection":[{"href":"https:\/\/bmsolucoesedu.com.br\/portal\/wp-json\/wp\/v2\/product"}],"about":[{"href":"https:\/\/bmsolucoesedu.com.br\/portal\/wp-json\/wp\/v2\/types\/product"}],"wp:featuredmedia":[{"embeddable":true,"href":"https:\/\/bmsolucoesedu.com.br\/portal\/wp-json\/wp\/v2\/media\/5886"}],"wp:attachment":[{"href":"https:\/\/bmsolucoesedu.com.br\/portal\/wp-json\/wp\/v2\/media?parent=5790"}],"wp:term":[{"taxonomy":"product_brand","embeddable":true,"href":"https:\/\/bmsolucoesedu.com.br\/portal\/wp-json\/wp\/v2\/product_brand?post=5790"},{"taxonomy":"product_cat","embeddable":true,"href":"https:\/\/bmsolucoesedu.com.br\/portal\/wp-json\/wp\/v2\/product_cat?post=5790"},{"taxonomy":"product_tag","embeddable":true,"href":"https:\/\/bmsolucoesedu.com.br\/portal\/wp-json\/wp\/v2\/product_tag?post=5790"}],"curies":[{"name":"wp","href":"https:\/\/api.w.org\/{rel}","templated":true}]}}