{"id":5779,"date":"2025-10-18T17:11:59","date_gmt":"2025-10-18T20:11:59","guid":{"rendered":"https:\/\/bmsolucoesedu.com.br\/portal\/?post_type=product&#038;p=5779"},"modified":"2025-10-18T17:45:47","modified_gmt":"2025-10-18T20:45:47","slug":"marcha-crianca-ei-2-a-3-ano-al","status":"publish","type":"product","link":"https:\/\/bmsolucoesedu.com.br\/portal\/produtos\/marcha-crianca-ei-2-a-3-ano-al\/","title":{"rendered":"MARCHA CRIANCA &#8211; EI &#8211; 2 A 3 ANO AL"},"content":{"rendered":"<p>O volume organiza-se em unidades tem\u00e1ticas e partem de intera\u00e7\u00f5es e brincadeiras, os dois eixos da Educa\u00e7\u00e3o Infantil propostos pela BNCC, para propiciar aos alunos a aprendizagem e a apropria\u00e7\u00e3o de conte\u00fados das \u00e1reas do conhecimento. Nesta edi\u00e7\u00e3o as crian\u00e7as podem personalizar as capas, pintando\u00a0como\u00a0quiserem! Este livro voltado para os 2 a 3 anos.<\/p>\n","protected":false},"excerpt":{"rendered":"<p>O volume organiza-se em unidades tem\u00e1ticas e partem de intera\u00e7\u00f5es e brincadeiras, os dois eixos da Educa\u00e7\u00e3o Infantil propostos pela BNCC, para propiciar aos alunos a aprendizagem e a apropria\u00e7\u00e3o de conte\u00fados das \u00e1reas do conhecimento. Nesta edi\u00e7\u00e3o as crian\u00e7as podem personalizar as capas, pintando\u00a0como\u00a0quiserem! Este livro voltado para os 2 a 3 anos.<\/p>\n","protected":false},"featured_media":5870,"template":"","meta":[],"product_brand":[],"product_cat":[967],"product_tag":[1435,211],"class_list":{"0":"post-5779","1":"product","2":"type-product","3":"status-publish","4":"has-post-thumbnail","6":"product_cat-material-didatico","7":"product_tag-i104","8":"product_tag-inex","9":"pa_item-i104","10":"pa_marca-scipione-editora","11":"pa_n-ata-i104","12":"wcpv_product_vendors-bm-comercio-e-servicos-ltda","14":"first","15":"instock","16":"shipping-taxable","17":"purchasable","18":"product-type-simple"},"_links":{"self":[{"href":"https:\/\/bmsolucoesedu.com.br\/portal\/wp-json\/wp\/v2\/product\/5779","targetHints":{"allow":["GET"]}}],"collection":[{"href":"https:\/\/bmsolucoesedu.com.br\/portal\/wp-json\/wp\/v2\/product"}],"about":[{"href":"https:\/\/bmsolucoesedu.com.br\/portal\/wp-json\/wp\/v2\/types\/product"}],"wp:featuredmedia":[{"embeddable":true,"href":"https:\/\/bmsolucoesedu.com.br\/portal\/wp-json\/wp\/v2\/media\/5870"}],"wp:attachment":[{"href":"https:\/\/bmsolucoesedu.com.br\/portal\/wp-json\/wp\/v2\/media?parent=5779"}],"wp:term":[{"taxonomy":"product_brand","embeddable":true,"href":"https:\/\/bmsolucoesedu.com.br\/portal\/wp-json\/wp\/v2\/product_brand?post=5779"},{"taxonomy":"product_cat","embeddable":true,"href":"https:\/\/bmsolucoesedu.com.br\/portal\/wp-json\/wp\/v2\/product_cat?post=5779"},{"taxonomy":"product_tag","embeddable":true,"href":"https:\/\/bmsolucoesedu.com.br\/portal\/wp-json\/wp\/v2\/product_tag?post=5779"}],"curies":[{"name":"wp","href":"https:\/\/api.w.org\/{rel}","templated":true}]}}