{"id":5652,"date":"2025-05-21T17:37:57","date_gmt":"2025-05-21T20:37:57","guid":{"rendered":"https:\/\/bmsolucoesedu.com.br\/portal\/?post_type=product&#038;p=5652"},"modified":"2025-05-21T17:51:31","modified_gmt":"2025-05-21T20:51:31","slug":"projeto-faz-de-conta","status":"publish","type":"product","link":"https:\/\/bmsolucoesedu.com.br\/portal\/produtos\/projeto-faz-de-conta\/","title":{"rendered":"Projeto Faz de Conta"},"content":{"rendered":"<p>Espa\u00e7o l\u00fadico montessoriano para crian\u00e7as da educa\u00e7\u00e3o infantil, ambiente especialmente projetado para estimular o desenvolvimento da educa\u00e7\u00e3o infantil dentro dos pilares da educa\u00e7\u00e3o montessoriana autoeduca\u00e7\u00e3o, educa\u00e7\u00e3o como ci\u00eancia, educa\u00e7\u00e3o c\u00f3smica, ambiente preparado, crian\u00e7a equilibrada e adulto preparado formado por: m\u00f3veis de brincar, organizadores de livros e brinquedos, acervo com 120 livros, jogos e brinquedos de madeira, brinquedos faz de conta, mesa com cadeiras e tapete sensorial<\/p>\n","protected":false},"excerpt":{"rendered":"<p>Espa\u00e7o l\u00fadico montessoriano para crian\u00e7as da educa\u00e7\u00e3o infantil, ambiente especialmente projetado para estimular o desenvolvimento da educa\u00e7\u00e3o infantil dentro dos pilares da educa\u00e7\u00e3o montessoriana autoeduca\u00e7\u00e3o, educa\u00e7\u00e3o como ci\u00eancia, educa\u00e7\u00e3o c\u00f3smica, ambiente preparado, crian\u00e7a equilibrada e adulto preparado formado por: m\u00f3veis de brincar, organizadores de livros e brinquedos, acervo com 120 livros, jogos e brinquedos de madeira, brinquedos faz de conta, mesa com cadeiras e tapete sensorial<\/p>\n","protected":false},"featured_media":5712,"template":"","meta":[],"product_brand":[],"product_cat":[540],"product_tag":[1422,211],"class_list":{"0":"post-5652","1":"product","2":"type-product","3":"status-publish","4":"has-post-thumbnail","6":"product_cat-projetos","7":"product_tag-i239","8":"product_tag-inex","9":"pa_item-i239","10":"pa_marca-pae-editora","11":"pa_n-ata-i239","12":"wcpv_product_vendors-pae-editora-e-distribuidora-de-livros-ltda","14":"first","15":"instock","16":"shipping-taxable","17":"purchasable","18":"product-type-simple"},"_links":{"self":[{"href":"https:\/\/bmsolucoesedu.com.br\/portal\/wp-json\/wp\/v2\/product\/5652","targetHints":{"allow":["GET"]}}],"collection":[{"href":"https:\/\/bmsolucoesedu.com.br\/portal\/wp-json\/wp\/v2\/product"}],"about":[{"href":"https:\/\/bmsolucoesedu.com.br\/portal\/wp-json\/wp\/v2\/types\/product"}],"wp:featuredmedia":[{"embeddable":true,"href":"https:\/\/bmsolucoesedu.com.br\/portal\/wp-json\/wp\/v2\/media\/5712"}],"wp:attachment":[{"href":"https:\/\/bmsolucoesedu.com.br\/portal\/wp-json\/wp\/v2\/media?parent=5652"}],"wp:term":[{"taxonomy":"product_brand","embeddable":true,"href":"https:\/\/bmsolucoesedu.com.br\/portal\/wp-json\/wp\/v2\/product_brand?post=5652"},{"taxonomy":"product_cat","embeddable":true,"href":"https:\/\/bmsolucoesedu.com.br\/portal\/wp-json\/wp\/v2\/product_cat?post=5652"},{"taxonomy":"product_tag","embeddable":true,"href":"https:\/\/bmsolucoesedu.com.br\/portal\/wp-json\/wp\/v2\/product_tag?post=5652"}],"curies":[{"name":"wp","href":"https:\/\/api.w.org\/{rel}","templated":true}]}}