{"id":5643,"date":"2025-05-21T17:37:41","date_gmt":"2025-05-21T20:37:41","guid":{"rendered":"https:\/\/bmsolucoesedu.com.br\/portal\/?post_type=product&#038;p=5643"},"modified":"2025-05-21T18:02:43","modified_gmt":"2025-05-21T21:02:43","slug":"leitura-encantada-bercario","status":"publish","type":"product","link":"https:\/\/bmsolucoesedu.com.br\/portal\/produtos\/leitura-encantada-bercario\/","title":{"rendered":"LEITURA ENCANTADA BER\u00c7ARIO"},"content":{"rendered":"<p>Projeto de leitura encantada para crian\u00e7as de 0 a 3 anos, composto por 6 livros de diversos temas e formatos: &#8211; Beb\u00ea Feliz \u2013 Passeio na fazenda &#8211; Estou crescendo &#8211; Luvinha Animais do Brasil &#8211; Lino, o Patinho &#8211; Hora de dormir &#8211; No quintal eu vi&#8230; Acompanha embalagem personalizada com al\u00e7a<\/p>\n","protected":false},"excerpt":{"rendered":"<p>Projeto de leitura encantada para crian\u00e7as de 0 a 3 anos, composto por 6 livros de diversos temas e formatos: &#8211; Beb\u00ea Feliz \u2013 Passeio na fazenda &#8211; Estou crescendo &#8211; Luvinha Animais do Brasil &#8211; Lino, o Patinho &#8211; Hora de dormir &#8211; No quintal eu vi&#8230; Acompanha embalagem personalizada com al\u00e7a<\/p>\n","protected":false},"featured_media":5701,"template":"","meta":[],"product_brand":[],"product_cat":[967],"product_tag":[1381,211],"class_list":{"0":"post-5643","1":"product","2":"type-product","3":"status-publish","4":"has-post-thumbnail","6":"product_cat-material-didatico","7":"product_tag-i153","8":"product_tag-inex","9":"pa_item-i153","10":"pa_marca-vale-das-letras","11":"pa_n-ata-i153","12":"wcpv_product_vendors-vale-das-letras","14":"first","15":"instock","16":"shipping-taxable","17":"purchasable","18":"product-type-simple"},"_links":{"self":[{"href":"https:\/\/bmsolucoesedu.com.br\/portal\/wp-json\/wp\/v2\/product\/5643","targetHints":{"allow":["GET"]}}],"collection":[{"href":"https:\/\/bmsolucoesedu.com.br\/portal\/wp-json\/wp\/v2\/product"}],"about":[{"href":"https:\/\/bmsolucoesedu.com.br\/portal\/wp-json\/wp\/v2\/types\/product"}],"wp:featuredmedia":[{"embeddable":true,"href":"https:\/\/bmsolucoesedu.com.br\/portal\/wp-json\/wp\/v2\/media\/5701"}],"wp:attachment":[{"href":"https:\/\/bmsolucoesedu.com.br\/portal\/wp-json\/wp\/v2\/media?parent=5643"}],"wp:term":[{"taxonomy":"product_brand","embeddable":true,"href":"https:\/\/bmsolucoesedu.com.br\/portal\/wp-json\/wp\/v2\/product_brand?post=5643"},{"taxonomy":"product_cat","embeddable":true,"href":"https:\/\/bmsolucoesedu.com.br\/portal\/wp-json\/wp\/v2\/product_cat?post=5643"},{"taxonomy":"product_tag","embeddable":true,"href":"https:\/\/bmsolucoesedu.com.br\/portal\/wp-json\/wp\/v2\/product_tag?post=5643"}],"curies":[{"name":"wp","href":"https:\/\/api.w.org\/{rel}","templated":true}]}}