{"id":5633,"date":"2025-05-21T17:37:40","date_gmt":"2025-05-21T20:37:40","guid":{"rendered":"https:\/\/bmsolucoesedu.com.br\/portal\/?post_type=product&#038;p=5633"},"modified":"2025-05-21T18:02:44","modified_gmt":"2025-05-21T21:02:44","slug":"matematica-divertida","status":"publish","type":"product","link":"https:\/\/bmsolucoesedu.com.br\/portal\/produtos\/matematica-divertida\/","title":{"rendered":"MATEM\u00c1TICA DIVERTIDA"},"content":{"rendered":"<p>05 livros para os anos iniciais do Ensino Fundamental (Adi\u00e7\u00e3o, Subtra\u00e7\u00e3o, Divis\u00e3o, Multiplica\u00e7\u00e3o e Tabuada) mais 1 Jogo Educativo Material Dourado + uma linda embalagem com plastifica\u00e7\u00e3o brilho \u2013 cart\u00e3o duplex<\/p>\n","protected":false},"excerpt":{"rendered":"<p>05 livros para os anos iniciais do Ensino Fundamental (Adi\u00e7\u00e3o, Subtra\u00e7\u00e3o, Divis\u00e3o, Multiplica\u00e7\u00e3o e Tabuada) mais 1 Jogo Educativo Material Dourado + uma linda embalagem com plastifica\u00e7\u00e3o brilho \u2013 cart\u00e3o duplex<\/p>\n","protected":false},"featured_media":5691,"template":"","meta":[],"product_brand":[],"product_cat":[540],"product_tag":[1375,211],"class_list":{"0":"post-5633","1":"product","2":"type-product","3":"status-publish","4":"has-post-thumbnail","6":"product_cat-projetos","7":"product_tag-i146","8":"product_tag-inex","9":"pa_item-i146","10":"pa_marca-vale-das-letras","11":"pa_n-ata-i146","12":"wcpv_product_vendors-vale-das-letras","14":"first","15":"instock","16":"shipping-taxable","17":"purchasable","18":"product-type-simple"},"_links":{"self":[{"href":"https:\/\/bmsolucoesedu.com.br\/portal\/wp-json\/wp\/v2\/product\/5633","targetHints":{"allow":["GET"]}}],"collection":[{"href":"https:\/\/bmsolucoesedu.com.br\/portal\/wp-json\/wp\/v2\/product"}],"about":[{"href":"https:\/\/bmsolucoesedu.com.br\/portal\/wp-json\/wp\/v2\/types\/product"}],"wp:featuredmedia":[{"embeddable":true,"href":"https:\/\/bmsolucoesedu.com.br\/portal\/wp-json\/wp\/v2\/media\/5691"}],"wp:attachment":[{"href":"https:\/\/bmsolucoesedu.com.br\/portal\/wp-json\/wp\/v2\/media?parent=5633"}],"wp:term":[{"taxonomy":"product_brand","embeddable":true,"href":"https:\/\/bmsolucoesedu.com.br\/portal\/wp-json\/wp\/v2\/product_brand?post=5633"},{"taxonomy":"product_cat","embeddable":true,"href":"https:\/\/bmsolucoesedu.com.br\/portal\/wp-json\/wp\/v2\/product_cat?post=5633"},{"taxonomy":"product_tag","embeddable":true,"href":"https:\/\/bmsolucoesedu.com.br\/portal\/wp-json\/wp\/v2\/product_tag?post=5633"}],"curies":[{"name":"wp","href":"https:\/\/api.w.org\/{rel}","templated":true}]}}