{"id":5629,"date":"2025-05-21T17:37:40","date_gmt":"2025-05-21T20:37:40","guid":{"rendered":"https:\/\/bmsolucoesedu.com.br\/portal\/?post_type=product&#038;p=5629"},"modified":"2025-05-21T18:02:45","modified_gmt":"2025-05-21T21:02:45","slug":"empreendedorismo","status":"publish","type":"product","link":"https:\/\/bmsolucoesedu.com.br\/portal\/produtos\/empreendedorismo\/","title":{"rendered":"EMPREENDEDORISMO"},"content":{"rendered":"<p>Projeto inovador e \u00fanico que incentiva as crian\u00e7as a come\u00e7arem desde cedo a estimular habilidades pessoais, intera\u00e7\u00e3o, planejamento e tornar-se um jovem empreendedor O projeto \u00e9 composto de: &#8211; 04 Livros do aluno 01 Livro do Educador (para cada 30 kits do aluno) O Kit acompanha embalagem colorida com lamina\u00e7\u00e3o brilho<\/p>\n","protected":false},"excerpt":{"rendered":"<p>Projeto inovador e \u00fanico que incentiva as crian\u00e7as a come\u00e7arem desde cedo a estimular habilidades pessoais, intera\u00e7\u00e3o, planejamento e tornar-se um jovem empreendedor O projeto \u00e9 composto de: &#8211; 04 Livros do aluno 01 Livro do Educador (para cada 30 kits do aluno) O Kit acompanha embalagem colorida com lamina\u00e7\u00e3o brilho<\/p>\n","protected":false},"featured_media":5687,"template":"","meta":[],"product_brand":[],"product_cat":[540],"product_tag":[1371,211],"class_list":{"0":"post-5629","1":"product","2":"type-product","3":"status-publish","4":"has-post-thumbnail","6":"product_cat-projetos","7":"product_tag-i142","8":"product_tag-inex","9":"pa_item-i142","10":"pa_marca-vale-das-letras","11":"pa_n-ata-i142","12":"wcpv_product_vendors-vale-das-letras","14":"first","15":"instock","16":"shipping-taxable","17":"purchasable","18":"product-type-simple"},"_links":{"self":[{"href":"https:\/\/bmsolucoesedu.com.br\/portal\/wp-json\/wp\/v2\/product\/5629","targetHints":{"allow":["GET"]}}],"collection":[{"href":"https:\/\/bmsolucoesedu.com.br\/portal\/wp-json\/wp\/v2\/product"}],"about":[{"href":"https:\/\/bmsolucoesedu.com.br\/portal\/wp-json\/wp\/v2\/types\/product"}],"wp:featuredmedia":[{"embeddable":true,"href":"https:\/\/bmsolucoesedu.com.br\/portal\/wp-json\/wp\/v2\/media\/5687"}],"wp:attachment":[{"href":"https:\/\/bmsolucoesedu.com.br\/portal\/wp-json\/wp\/v2\/media?parent=5629"}],"wp:term":[{"taxonomy":"product_brand","embeddable":true,"href":"https:\/\/bmsolucoesedu.com.br\/portal\/wp-json\/wp\/v2\/product_brand?post=5629"},{"taxonomy":"product_cat","embeddable":true,"href":"https:\/\/bmsolucoesedu.com.br\/portal\/wp-json\/wp\/v2\/product_cat?post=5629"},{"taxonomy":"product_tag","embeddable":true,"href":"https:\/\/bmsolucoesedu.com.br\/portal\/wp-json\/wp\/v2\/product_tag?post=5629"}],"curies":[{"name":"wp","href":"https:\/\/api.w.org\/{rel}","templated":true}]}}