{"id":5626,"date":"2025-05-21T17:37:40","date_gmt":"2025-05-21T20:37:40","guid":{"rendered":"https:\/\/bmsolucoesedu.com.br\/portal\/?post_type=product&#038;p=5626"},"modified":"2025-05-21T18:02:45","modified_gmt":"2025-05-21T21:02:45","slug":"minha-biblioteca-bilingue","status":"publish","type":"product","link":"https:\/\/bmsolucoesedu.com.br\/portal\/produtos\/minha-biblioteca-bilingue\/","title":{"rendered":"Minha Biblioteca Bil\u00edngue"},"content":{"rendered":"<p>1 Embalagem protetora + 8 Livros do aluno + APP (Aplicativo) com \u00e1udio nativo do Ingl\u00eas, v\u00eddeos e jogos.<\/p>\n","protected":false},"excerpt":{"rendered":"<p>1 Embalagem protetora + 8 Livros do aluno + APP (Aplicativo) com \u00e1udio nativo do Ingl\u00eas, v\u00eddeos e jogos.<\/p>\n","protected":false},"featured_media":5684,"template":"","meta":[],"product_brand":[],"product_cat":[540],"product_tag":[1368,211],"class_list":{"0":"post-5626","1":"product","2":"type-product","3":"status-publish","4":"has-post-thumbnail","6":"product_cat-projetos","7":"product_tag-i139","8":"product_tag-inex","9":"pa_item-i139","10":"pa_marca-vale-das-letras","11":"pa_n-ata-i139","12":"wcpv_product_vendors-vale-das-letras","14":"first","15":"instock","16":"shipping-taxable","17":"purchasable","18":"product-type-simple"},"_links":{"self":[{"href":"https:\/\/bmsolucoesedu.com.br\/portal\/wp-json\/wp\/v2\/product\/5626","targetHints":{"allow":["GET"]}}],"collection":[{"href":"https:\/\/bmsolucoesedu.com.br\/portal\/wp-json\/wp\/v2\/product"}],"about":[{"href":"https:\/\/bmsolucoesedu.com.br\/portal\/wp-json\/wp\/v2\/types\/product"}],"wp:featuredmedia":[{"embeddable":true,"href":"https:\/\/bmsolucoesedu.com.br\/portal\/wp-json\/wp\/v2\/media\/5684"}],"wp:attachment":[{"href":"https:\/\/bmsolucoesedu.com.br\/portal\/wp-json\/wp\/v2\/media?parent=5626"}],"wp:term":[{"taxonomy":"product_brand","embeddable":true,"href":"https:\/\/bmsolucoesedu.com.br\/portal\/wp-json\/wp\/v2\/product_brand?post=5626"},{"taxonomy":"product_cat","embeddable":true,"href":"https:\/\/bmsolucoesedu.com.br\/portal\/wp-json\/wp\/v2\/product_cat?post=5626"},{"taxonomy":"product_tag","embeddable":true,"href":"https:\/\/bmsolucoesedu.com.br\/portal\/wp-json\/wp\/v2\/product_tag?post=5626"}],"curies":[{"name":"wp","href":"https:\/\/api.w.org\/{rel}","templated":true}]}}