{"id":5625,"date":"2025-05-21T17:37:40","date_gmt":"2025-05-21T20:37:40","guid":{"rendered":"https:\/\/bmsolucoesedu.com.br\/portal\/?post_type=product&#038;p=5625"},"modified":"2025-05-21T18:02:45","modified_gmt":"2025-05-21T21:02:45","slug":"sementinha-prevencao-ao-uso-de-drogas-e-valorizacao-da-vida","status":"publish","type":"product","link":"https:\/\/bmsolucoesedu.com.br\/portal\/produtos\/sementinha-prevencao-ao-uso-de-drogas-e-valorizacao-da-vida\/","title":{"rendered":"Sementinha \u2013 Preven\u00e7\u00e3o ao uso de Drogas e Valoriza\u00e7\u00e3o da vida"},"content":{"rendered":"<p>Kit infantil que traz informa\u00e7\u00f5es sobre assuntos delicados, mas essenciais para o crescimento saud\u00e1vel e feliz que fala sobre a preven\u00e7\u00e3o ao uso de drogas e os cuidados com a sa\u00fade f\u00edsica Acompanha 6 livros + 1 jogo com 12 cards + 1 lanterna + 1 jogo verdade ou mentira com 20 cards + 2 fantoches. Acompanha embalagem colorida<\/p>\n","protected":false},"excerpt":{"rendered":"<p>Kit infantil que traz informa\u00e7\u00f5es sobre assuntos delicados, mas essenciais para o crescimento saud\u00e1vel e feliz que fala sobre a preven\u00e7\u00e3o ao uso de drogas e os cuidados com a sa\u00fade f\u00edsica Acompanha 6 livros + 1 jogo com 12 cards + 1 lanterna + 1 jogo verdade ou mentira com 20 cards + 2 fantoches. Acompanha embalagem colorida<\/p>\n","protected":false},"featured_media":5683,"template":"","meta":[],"product_brand":[],"product_cat":[540],"product_tag":[1367,211],"class_list":{"0":"post-5625","1":"product","2":"type-product","3":"status-publish","4":"has-post-thumbnail","6":"product_cat-projetos","7":"product_tag-i138","8":"product_tag-inex","9":"pa_item-i138","10":"pa_marca-vale-das-letras","11":"pa_n-ata-i138","12":"wcpv_product_vendors-vale-das-letras","14":"first","15":"instock","16":"shipping-taxable","17":"purchasable","18":"product-type-simple"},"_links":{"self":[{"href":"https:\/\/bmsolucoesedu.com.br\/portal\/wp-json\/wp\/v2\/product\/5625","targetHints":{"allow":["GET"]}}],"collection":[{"href":"https:\/\/bmsolucoesedu.com.br\/portal\/wp-json\/wp\/v2\/product"}],"about":[{"href":"https:\/\/bmsolucoesedu.com.br\/portal\/wp-json\/wp\/v2\/types\/product"}],"wp:featuredmedia":[{"embeddable":true,"href":"https:\/\/bmsolucoesedu.com.br\/portal\/wp-json\/wp\/v2\/media\/5683"}],"wp:attachment":[{"href":"https:\/\/bmsolucoesedu.com.br\/portal\/wp-json\/wp\/v2\/media?parent=5625"}],"wp:term":[{"taxonomy":"product_brand","embeddable":true,"href":"https:\/\/bmsolucoesedu.com.br\/portal\/wp-json\/wp\/v2\/product_brand?post=5625"},{"taxonomy":"product_cat","embeddable":true,"href":"https:\/\/bmsolucoesedu.com.br\/portal\/wp-json\/wp\/v2\/product_cat?post=5625"},{"taxonomy":"product_tag","embeddable":true,"href":"https:\/\/bmsolucoesedu.com.br\/portal\/wp-json\/wp\/v2\/product_tag?post=5625"}],"curies":[{"name":"wp","href":"https:\/\/api.w.org\/{rel}","templated":true}]}}