{"id":5621,"date":"2025-05-21T17:37:40","date_gmt":"2025-05-21T20:37:40","guid":{"rendered":"https:\/\/bmsolucoesedu.com.br\/portal\/?post_type=product&#038;p=5621"},"modified":"2025-05-21T17:50:57","modified_gmt":"2025-05-21T20:50:57","slug":"kit-1-infancia-literatura-x-alicerces","status":"publish","type":"product","link":"https:\/\/bmsolucoesedu.com.br\/portal\/produtos\/kit-1-infancia-literatura-x-alicerces\/","title":{"rendered":"KIT 1\u00b0 INFANCIA &#8211; LITERATURA X ALICERCES"},"content":{"rendered":"<p>Composto por: 250 livros infantis, 1 Ba\u00fa com rodinhas, fabricado em MDF, cole\u00e7\u00e3o exclusiva de m\u00e1scaras de personagens de f\u00e1bulas e 1 tapete fabricado em corino de alta resist\u00eancia.<\/p>\n","protected":false},"excerpt":{"rendered":"<p>Composto por: 250 livros infantis, 1 Ba\u00fa com rodinhas, fabricado em MDF, cole\u00e7\u00e3o exclusiva de m\u00e1scaras de personagens de f\u00e1bulas e 1 tapete fabricado em corino de alta resist\u00eancia.<\/p>\n","protected":false},"featured_media":5680,"template":"","meta":[],"product_brand":[],"product_cat":[540],"product_tag":[1363,211],"class_list":{"0":"post-5621","1":"product","2":"type-product","3":"status-publish","4":"has-post-thumbnail","6":"product_cat-projetos","7":"product_tag-i033","8":"product_tag-inex","9":"pa_item-i033","10":"pa_marca-pae-editora","11":"pa_n-ata-i033","12":"wcpv_product_vendors-pae-editora-e-distribuidora-de-livros-ltda","14":"first","15":"instock","16":"shipping-taxable","17":"purchasable","18":"product-type-simple"},"_links":{"self":[{"href":"https:\/\/bmsolucoesedu.com.br\/portal\/wp-json\/wp\/v2\/product\/5621","targetHints":{"allow":["GET"]}}],"collection":[{"href":"https:\/\/bmsolucoesedu.com.br\/portal\/wp-json\/wp\/v2\/product"}],"about":[{"href":"https:\/\/bmsolucoesedu.com.br\/portal\/wp-json\/wp\/v2\/types\/product"}],"wp:featuredmedia":[{"embeddable":true,"href":"https:\/\/bmsolucoesedu.com.br\/portal\/wp-json\/wp\/v2\/media\/5680"}],"wp:attachment":[{"href":"https:\/\/bmsolucoesedu.com.br\/portal\/wp-json\/wp\/v2\/media?parent=5621"}],"wp:term":[{"taxonomy":"product_brand","embeddable":true,"href":"https:\/\/bmsolucoesedu.com.br\/portal\/wp-json\/wp\/v2\/product_brand?post=5621"},{"taxonomy":"product_cat","embeddable":true,"href":"https:\/\/bmsolucoesedu.com.br\/portal\/wp-json\/wp\/v2\/product_cat?post=5621"},{"taxonomy":"product_tag","embeddable":true,"href":"https:\/\/bmsolucoesedu.com.br\/portal\/wp-json\/wp\/v2\/product_tag?post=5621"}],"curies":[{"name":"wp","href":"https:\/\/api.w.org\/{rel}","templated":true}]}}