{"id":5620,"date":"2025-05-21T17:37:39","date_gmt":"2025-05-21T20:37:39","guid":{"rendered":"https:\/\/bmsolucoesedu.com.br\/portal\/?post_type=product&#038;p=5620"},"modified":"2025-05-21T17:50:57","modified_gmt":"2025-05-21T20:50:57","slug":"kit-estimulando-neuroeducacao","status":"publish","type":"product","link":"https:\/\/bmsolucoesedu.com.br\/portal\/produtos\/kit-estimulando-neuroeducacao\/","title":{"rendered":"KIT ESTIMULANDO &#8211; NEUROEDUCA\u00c7\u00c3O"},"content":{"rendered":"<p>Composto por 250 livros, 1 painel neuropedag\u00f3gico psicomotor 180&#215;90, 1 mesa infantil, 4 cadeiras infantis, 1 ba\u00fa de madeira, 1 domin\u00f3 gigante, 10 fantoches, 1 centro de leitura, 12 livros t\u00e9cnicos, 10 fantasias, 1 m\u00f3vel em MDF, 1 centopeia das cores, 1 kit amiguinhos de montar, 1 kit de jogos pl\u00e1sticos com 700 pe\u00e7as 1 tapete sensorial.<\/p>\n","protected":false},"excerpt":{"rendered":"<p>Composto por 250 livros, 1 painel neuropedag\u00f3gico psicomotor 180&#215;90, 1 mesa infantil, 4 cadeiras infantis, 1 ba\u00fa de madeira, 1 domin\u00f3 gigante, 10 fantoches, 1 centro de leitura, 12 livros t\u00e9cnicos, 10 fantasias, 1 m\u00f3vel em MDF, 1 centopeia das cores, 1 kit amiguinhos de montar, 1 kit de jogos pl\u00e1sticos com 700 pe\u00e7as 1 tapete sensorial.<\/p>\n","protected":false},"featured_media":5678,"template":"","meta":[],"product_brand":[],"product_cat":[540],"product_tag":[891,211],"class_list":{"0":"post-5620","1":"product","2":"type-product","3":"status-publish","4":"has-post-thumbnail","6":"product_cat-projetos","7":"product_tag-i028","8":"product_tag-inex","9":"pa_item-i028","10":"pa_marca-pae-editora","11":"pa_n-ata-i028","12":"wcpv_product_vendors-pae-editora-e-distribuidora-de-livros-ltda","14":"first","15":"instock","16":"shipping-taxable","17":"purchasable","18":"product-type-simple"},"_links":{"self":[{"href":"https:\/\/bmsolucoesedu.com.br\/portal\/wp-json\/wp\/v2\/product\/5620","targetHints":{"allow":["GET"]}}],"collection":[{"href":"https:\/\/bmsolucoesedu.com.br\/portal\/wp-json\/wp\/v2\/product"}],"about":[{"href":"https:\/\/bmsolucoesedu.com.br\/portal\/wp-json\/wp\/v2\/types\/product"}],"wp:featuredmedia":[{"embeddable":true,"href":"https:\/\/bmsolucoesedu.com.br\/portal\/wp-json\/wp\/v2\/media\/5678"}],"wp:attachment":[{"href":"https:\/\/bmsolucoesedu.com.br\/portal\/wp-json\/wp\/v2\/media?parent=5620"}],"wp:term":[{"taxonomy":"product_brand","embeddable":true,"href":"https:\/\/bmsolucoesedu.com.br\/portal\/wp-json\/wp\/v2\/product_brand?post=5620"},{"taxonomy":"product_cat","embeddable":true,"href":"https:\/\/bmsolucoesedu.com.br\/portal\/wp-json\/wp\/v2\/product_cat?post=5620"},{"taxonomy":"product_tag","embeddable":true,"href":"https:\/\/bmsolucoesedu.com.br\/portal\/wp-json\/wp\/v2\/product_tag?post=5620"}],"curies":[{"name":"wp","href":"https:\/\/api.w.org\/{rel}","templated":true}]}}