{"id":5601,"date":"2025-05-20T14:18:52","date_gmt":"2025-05-20T17:18:52","guid":{"rendered":"https:\/\/bmsolucoesedu.com.br\/portal\/?post_type=product&#038;p=5601"},"modified":"2025-05-20T14:36:31","modified_gmt":"2025-05-20T17:36:31","slug":"projeto-pedagogico-gibiteca","status":"publish","type":"product","link":"https:\/\/bmsolucoesedu.com.br\/portal\/produtos\/projeto-pedagogico-gibiteca\/","title":{"rendered":"Projeto Pedag\u00f3gico Gibiteca"},"content":{"rendered":"<p>Acervo composto por 150 gibis com os principais personagens das hist\u00f3rias em quadrinhos, leitura agrad\u00e1vel para todos os alunos. Acompanha estante confeccionado em madeira prensada (MDF) e madeira maci\u00e7a, impresso em silk-screen. Medidas: altura:1,10mlargura: 0,55m. Atende o Ensino Fundamental I e II.<\/p>\n","protected":false},"excerpt":{"rendered":"<p>Acervo composto por 150 gibis com os principais personagens das hist\u00f3rias em quadrinhos, leitura agrad\u00e1vel para todos os alunos. Acompanha estante confeccionado em madeira prensada (MDF) e madeira maci\u00e7a, impresso em silk-screen. Medidas: altura:1,10mlargura: 0,55m. Atende o Ensino Fundamental I e II.<\/p>\n","protected":false},"featured_media":5611,"template":"","meta":[],"product_brand":[],"product_cat":[540],"product_tag":[890,211],"class_list":{"0":"post-5601","1":"product","2":"type-product","3":"status-publish","4":"has-post-thumbnail","6":"product_cat-projetos","7":"product_tag-i001","8":"product_tag-inex","9":"pa_item-i001","10":"pa_marca-pae-editora","11":"pa_n-ata-i001","12":"wcpv_product_vendors-pae-editora-e-distribuidora-de-livros-ltda","14":"first","15":"instock","16":"shipping-taxable","17":"purchasable","18":"product-type-simple"},"_links":{"self":[{"href":"https:\/\/bmsolucoesedu.com.br\/portal\/wp-json\/wp\/v2\/product\/5601","targetHints":{"allow":["GET"]}}],"collection":[{"href":"https:\/\/bmsolucoesedu.com.br\/portal\/wp-json\/wp\/v2\/product"}],"about":[{"href":"https:\/\/bmsolucoesedu.com.br\/portal\/wp-json\/wp\/v2\/types\/product"}],"wp:featuredmedia":[{"embeddable":true,"href":"https:\/\/bmsolucoesedu.com.br\/portal\/wp-json\/wp\/v2\/media\/5611"}],"wp:attachment":[{"href":"https:\/\/bmsolucoesedu.com.br\/portal\/wp-json\/wp\/v2\/media?parent=5601"}],"wp:term":[{"taxonomy":"product_brand","embeddable":true,"href":"https:\/\/bmsolucoesedu.com.br\/portal\/wp-json\/wp\/v2\/product_brand?post=5601"},{"taxonomy":"product_cat","embeddable":true,"href":"https:\/\/bmsolucoesedu.com.br\/portal\/wp-json\/wp\/v2\/product_cat?post=5601"},{"taxonomy":"product_tag","embeddable":true,"href":"https:\/\/bmsolucoesedu.com.br\/portal\/wp-json\/wp\/v2\/product_tag?post=5601"}],"curies":[{"name":"wp","href":"https:\/\/api.w.org\/{rel}","templated":true}]}}