{"id":5599,"date":"2025-05-20T14:18:52","date_gmt":"2025-05-20T17:18:52","guid":{"rendered":"https:\/\/bmsolucoesedu.com.br\/portal\/?post_type=product&#038;p=5599"},"modified":"2025-05-20T14:36:31","modified_gmt":"2025-05-20T17:36:31","slug":"projeto-jogando-e-aprendendo","status":"publish","type":"product","link":"https:\/\/bmsolucoesedu.com.br\/portal\/produtos\/projeto-jogando-e-aprendendo\/","title":{"rendered":"Projeto Jogando e aprendendo"},"content":{"rendered":"<p>Acervo de jogos pedag\u00f3gicos que estimulam a aprendizagem na \u00e1rea motora, matem\u00e1tica e alfabetiza\u00e7\u00e3o. Composto por 16 jogos em madeiras MDF, mais acervo de 8 livros t\u00e9cnico-pedag\u00f3gico que orientam o uso de jogos na aprendizagem. Atende Ensino fundamental I.<\/p>\n","protected":false},"excerpt":{"rendered":"<p>Acervo de jogos pedag\u00f3gicos que estimulam a aprendizagem na \u00e1rea motora, matem\u00e1tica e alfabetiza\u00e7\u00e3o. Composto por 16 jogos em madeiras MDF, mais acervo de 8 livros t\u00e9cnico-pedag\u00f3gico que orientam o uso de jogos na aprendizagem. Atende Ensino fundamental I.<\/p>\n","protected":false},"featured_media":5610,"template":"","meta":[],"product_brand":[],"product_cat":[540],"product_tag":[890,211],"class_list":{"0":"post-5599","1":"product","2":"type-product","3":"status-publish","4":"has-post-thumbnail","6":"product_cat-projetos","7":"product_tag-i001","8":"product_tag-inex","9":"pa_item-i001","10":"pa_marca-pae-editora","11":"pa_n-ata-i001","12":"wcpv_product_vendors-pae-editora-e-distribuidora-de-livros-ltda","14":"first","15":"instock","16":"shipping-taxable","17":"purchasable","18":"product-type-simple"},"_links":{"self":[{"href":"https:\/\/bmsolucoesedu.com.br\/portal\/wp-json\/wp\/v2\/product\/5599","targetHints":{"allow":["GET"]}}],"collection":[{"href":"https:\/\/bmsolucoesedu.com.br\/portal\/wp-json\/wp\/v2\/product"}],"about":[{"href":"https:\/\/bmsolucoesedu.com.br\/portal\/wp-json\/wp\/v2\/types\/product"}],"wp:featuredmedia":[{"embeddable":true,"href":"https:\/\/bmsolucoesedu.com.br\/portal\/wp-json\/wp\/v2\/media\/5610"}],"wp:attachment":[{"href":"https:\/\/bmsolucoesedu.com.br\/portal\/wp-json\/wp\/v2\/media?parent=5599"}],"wp:term":[{"taxonomy":"product_brand","embeddable":true,"href":"https:\/\/bmsolucoesedu.com.br\/portal\/wp-json\/wp\/v2\/product_brand?post=5599"},{"taxonomy":"product_cat","embeddable":true,"href":"https:\/\/bmsolucoesedu.com.br\/portal\/wp-json\/wp\/v2\/product_cat?post=5599"},{"taxonomy":"product_tag","embeddable":true,"href":"https:\/\/bmsolucoesedu.com.br\/portal\/wp-json\/wp\/v2\/product_tag?post=5599"}],"curies":[{"name":"wp","href":"https:\/\/api.w.org\/{rel}","templated":true}]}}