{"id":5593,"date":"2025-05-20T14:18:51","date_gmt":"2025-05-20T17:18:51","guid":{"rendered":"https:\/\/bmsolucoesedu.com.br\/portal\/?post_type=product&#038;p=5593"},"modified":"2025-05-20T14:36:33","modified_gmt":"2025-05-20T17:36:33","slug":"projeto-pedagogico-abc-da-alfabetizacao-ludica","status":"publish","type":"product","link":"https:\/\/bmsolucoesedu.com.br\/portal\/produtos\/projeto-pedagogico-abc-da-alfabetizacao-ludica\/","title":{"rendered":"Projeto Pedag\u00f3gico ABC da Alfabetiza\u00e7\u00e3o L\u00fadica"},"content":{"rendered":"<p>Acompanha livro display gigante, domin\u00f3s de alfabetiza\u00e7\u00e3o e jogo monta-palavras<\/p>\n","protected":false},"excerpt":{"rendered":"<p>Acompanha livro display gigante, domin\u00f3s de alfabetiza\u00e7\u00e3o e jogo monta-palavras<\/p>\n","protected":false},"featured_media":5603,"template":"","meta":[],"product_brand":[],"product_cat":[540],"product_tag":[890,211],"class_list":{"0":"post-5593","1":"product","2":"type-product","3":"status-publish","4":"has-post-thumbnail","6":"product_cat-projetos","7":"product_tag-i001","8":"product_tag-inex","9":"pa_item-i001","10":"pa_marca-pae-editora","11":"pa_n-ata-i001","12":"wcpv_product_vendors-pae-editora-e-distribuidora-de-livros-ltda","14":"first","15":"instock","16":"shipping-taxable","17":"purchasable","18":"product-type-simple"},"_links":{"self":[{"href":"https:\/\/bmsolucoesedu.com.br\/portal\/wp-json\/wp\/v2\/product\/5593","targetHints":{"allow":["GET"]}}],"collection":[{"href":"https:\/\/bmsolucoesedu.com.br\/portal\/wp-json\/wp\/v2\/product"}],"about":[{"href":"https:\/\/bmsolucoesedu.com.br\/portal\/wp-json\/wp\/v2\/types\/product"}],"wp:featuredmedia":[{"embeddable":true,"href":"https:\/\/bmsolucoesedu.com.br\/portal\/wp-json\/wp\/v2\/media\/5603"}],"wp:attachment":[{"href":"https:\/\/bmsolucoesedu.com.br\/portal\/wp-json\/wp\/v2\/media?parent=5593"}],"wp:term":[{"taxonomy":"product_brand","embeddable":true,"href":"https:\/\/bmsolucoesedu.com.br\/portal\/wp-json\/wp\/v2\/product_brand?post=5593"},{"taxonomy":"product_cat","embeddable":true,"href":"https:\/\/bmsolucoesedu.com.br\/portal\/wp-json\/wp\/v2\/product_cat?post=5593"},{"taxonomy":"product_tag","embeddable":true,"href":"https:\/\/bmsolucoesedu.com.br\/portal\/wp-json\/wp\/v2\/product_tag?post=5593"}],"curies":[{"name":"wp","href":"https:\/\/api.w.org\/{rel}","templated":true}]}}