{"id":5564,"date":"2025-05-20T13:19:55","date_gmt":"2025-05-20T16:19:55","guid":{"rendered":"https:\/\/bmsolucoesedu.com.br\/portal\/?post_type=product&#038;p=5564"},"modified":"2025-05-20T14:07:27","modified_gmt":"2025-05-20T17:07:27","slug":"sala-completa-maker","status":"publish","type":"product","link":"https:\/\/bmsolucoesedu.com.br\/portal\/produtos\/sala-completa-maker\/","title":{"rendered":"SALA COMPLETA MAKER"},"content":{"rendered":"<p>Salas Maker \u2013 Estrutura Completa para Educa\u00e7\u00e3o Tecnol\u00f3gica e Criativa<\/p>\n<p>O projeto Salas Maker \u00e9 uma solu\u00e7\u00e3o educacional completa que promove o ensino por metodologias ativas, com foco em criatividade, inova\u00e7\u00e3o e protagonismo estudantil. O projeto inclui um robusto kit STEAM de fabrica\u00e7\u00e3o pr\u00f3pria, composto por m\u00f3dulos eletr\u00f4nicos encapsulados e resistentes, que permitem o ensino pr\u00e1tico de circuitos anal\u00f3gicos e digitais. Os alunos podem criar prot\u00f3tipos program\u00e1veis com linguagens como C\/C++, Scratch, S4A, Ardublock e App Inventor, com total integra\u00e7\u00e3o ao ambiente maker.<\/p>\n<p>A estrutura conta ainda com impressora 3D (Creality K1), m\u00e1quina de corte a laser (Nagano 40x40cm), notebooks Lenovo, smart TV 50\u201d 4K, mesas e cadeiras ergon\u00f4micas, pain\u00e9is e arm\u00e1rios organizadores, al\u00e9m de ferramentas para marcenaria, eletr\u00f4nica e artes manuais.<\/p>\n<p>O projeto acompanha material did\u00e1tico em e-book, com 600 unidades para alunos e 60 para professores, al\u00e9m de forma\u00e7\u00e3o docente h\u00edbrida: 40 horas em EAD para 45 participantes e 16 horas presenciais para 15 participantes.<\/p>\n<p>O Salas Maker integra ci\u00eancia, tecnologia, engenharia, artes e matem\u00e1tica em um s\u00f3 ambiente, transformando a experi\u00eancia de aprendizagem e preparando os alunos para os mais variados\u00a0desafios.<\/p>\n","protected":false},"excerpt":{"rendered":"<p>Salas Maker \u2013 Estrutura Completa para Educa\u00e7\u00e3o Tecnol\u00f3gica e Criativa<\/p>\n<p>O projeto Salas Maker \u00e9 uma solu\u00e7\u00e3o educacional completa que promove o ensino por metodologias ativas, com foco em criatividade, inova\u00e7\u00e3o e protagonismo estudantil. O projeto inclui um robusto kit STEAM de fabrica\u00e7\u00e3o pr\u00f3pria, composto por m\u00f3dulos eletr\u00f4nicos encapsulados e resistentes, que permitem o ensino pr\u00e1tico de circuitos anal\u00f3gicos e digitais. Os alunos podem criar prot\u00f3tipos program\u00e1veis com linguagens como C\/C++, Scratch, S4A, Ardublock e App Inventor, com total integra\u00e7\u00e3o ao ambiente maker.<\/p>\n<p>A estrutura conta ainda com impressora 3D (Creality K1), m\u00e1quina de corte a laser (Nagano 40x40cm), notebooks Lenovo, smart TV 50\u201d 4K, mesas e cadeiras ergon\u00f4micas, pain\u00e9is e arm\u00e1rios organizadores, al\u00e9m de ferramentas para marcenaria, eletr\u00f4nica e artes manuais.<\/p>\n<p>O projeto acompanha material did\u00e1tico em e-book, com 600 unidades para alunos e 60 para professores, al\u00e9m de forma\u00e7\u00e3o docente h\u00edbrida: 40 horas em EAD para 45 participantes e 16 horas presenciais para 15 participantes.<\/p>\n<p>O Salas Maker integra ci\u00eancia, tecnologia, engenharia, artes e matem\u00e1tica em um s\u00f3 ambiente, transformando a experi\u00eancia de aprendizagem e preparando os alunos para os mais variados\u00a0desafios.<\/p>\n","protected":false},"featured_media":5565,"template":"","meta":[],"product_brand":[],"product_cat":[570],"product_tag":[1356],"class_list":{"0":"post-5564","1":"product","2":"type-product","3":"status-publish","4":"has-post-thumbnail","6":"product_cat-laboratorios","7":"product_tag-a255","8":"pa_item-225","9":"pa_lote-422","10":"pa_marca-cip-solucoes","11":"pa_n-ata-00015-2025","12":"pa_pregao-eletronico-por-registro-de-precos-no-00015-2025","13":"pa_processo-licitatorio-250307pe00015","14":"wcpv_product_vendors-cip-solucoes-ltda","16":"first","17":"instock","18":"shipping-taxable","19":"purchasable","20":"product-type-simple"},"_links":{"self":[{"href":"https:\/\/bmsolucoesedu.com.br\/portal\/wp-json\/wp\/v2\/product\/5564","targetHints":{"allow":["GET"]}}],"collection":[{"href":"https:\/\/bmsolucoesedu.com.br\/portal\/wp-json\/wp\/v2\/product"}],"about":[{"href":"https:\/\/bmsolucoesedu.com.br\/portal\/wp-json\/wp\/v2\/types\/product"}],"wp:featuredmedia":[{"embeddable":true,"href":"https:\/\/bmsolucoesedu.com.br\/portal\/wp-json\/wp\/v2\/media\/5565"}],"wp:attachment":[{"href":"https:\/\/bmsolucoesedu.com.br\/portal\/wp-json\/wp\/v2\/media?parent=5564"}],"wp:term":[{"taxonomy":"product_brand","embeddable":true,"href":"https:\/\/bmsolucoesedu.com.br\/portal\/wp-json\/wp\/v2\/product_brand?post=5564"},{"taxonomy":"product_cat","embeddable":true,"href":"https:\/\/bmsolucoesedu.com.br\/portal\/wp-json\/wp\/v2\/product_cat?post=5564"},{"taxonomy":"product_tag","embeddable":true,"href":"https:\/\/bmsolucoesedu.com.br\/portal\/wp-json\/wp\/v2\/product_tag?post=5564"}],"curies":[{"name":"wp","href":"https:\/\/api.w.org\/{rel}","templated":true}]}}