{"id":5480,"date":"2025-05-17T18:14:08","date_gmt":"2025-05-17T21:14:08","guid":{"rendered":"https:\/\/bmsolucoesedu.com.br\/portal\/?post_type=product&#038;p=5480"},"modified":"2025-05-17T18:14:35","modified_gmt":"2025-05-17T21:14:35","slug":"eja-ensino-fundamental-anos-iniciais-1-etapa-vol-4-4-e-5-ano","status":"publish","type":"product","link":"https:\/\/bmsolucoesedu.com.br\/portal\/produtos\/eja-ensino-fundamental-anos-iniciais-1-etapa-vol-4-4-e-5-ano\/","title":{"rendered":"EJA &#8211; Ensino Fundamental Anos Iniciais &#8211; 1 ETAPA, VOL 4 &#8211; 4 e 5 Ano"},"content":{"rendered":"<p>Dimens\u00f5es pol\u00edticas da vida social, o reconhecimento das no\u00e7\u00f5es de igualdade e equidade, as condi\u00e7\u00f5es sociais, econ\u00f4micas, ambientais etc. envolvidas no exerc\u00edcio pleno da cidadania e o reconhecimento de si e dos outros como sujeitos de direitos e deveres.<\/p>\n","protected":false},"excerpt":{"rendered":"<p>Dimens\u00f5es pol\u00edticas da vida social, o reconhecimento das no\u00e7\u00f5es de igualdade e equidade, as condi\u00e7\u00f5es sociais, econ\u00f4micas, ambientais etc. envolvidas no exerc\u00edcio pleno da cidadania e o reconhecimento de si e dos outros como sujeitos de direitos e deveres.<\/p>\n","protected":false},"featured_media":5495,"template":"","meta":[],"product_brand":[],"product_cat":[961],"product_tag":[1338,211],"class_list":{"0":"post-5480","1":"product","2":"type-product","3":"status-publish","4":"has-post-thumbnail","6":"product_cat-material-pedagogico","7":"product_tag-i250","8":"product_tag-inex","9":"pa_item-i250","10":"pa_marca-grafset","11":"pa_n-ata-i250","12":"wcpv_product_vendors-editora-grafset-ltda","14":"first","15":"instock","16":"shipping-taxable","17":"purchasable","18":"product-type-simple"},"_links":{"self":[{"href":"https:\/\/bmsolucoesedu.com.br\/portal\/wp-json\/wp\/v2\/product\/5480","targetHints":{"allow":["GET"]}}],"collection":[{"href":"https:\/\/bmsolucoesedu.com.br\/portal\/wp-json\/wp\/v2\/product"}],"about":[{"href":"https:\/\/bmsolucoesedu.com.br\/portal\/wp-json\/wp\/v2\/types\/product"}],"wp:featuredmedia":[{"embeddable":true,"href":"https:\/\/bmsolucoesedu.com.br\/portal\/wp-json\/wp\/v2\/media\/5495"}],"wp:attachment":[{"href":"https:\/\/bmsolucoesedu.com.br\/portal\/wp-json\/wp\/v2\/media?parent=5480"}],"wp:term":[{"taxonomy":"product_brand","embeddable":true,"href":"https:\/\/bmsolucoesedu.com.br\/portal\/wp-json\/wp\/v2\/product_brand?post=5480"},{"taxonomy":"product_cat","embeddable":true,"href":"https:\/\/bmsolucoesedu.com.br\/portal\/wp-json\/wp\/v2\/product_cat?post=5480"},{"taxonomy":"product_tag","embeddable":true,"href":"https:\/\/bmsolucoesedu.com.br\/portal\/wp-json\/wp\/v2\/product_tag?post=5480"}],"curies":[{"name":"wp","href":"https:\/\/api.w.org\/{rel}","templated":true}]}}