{"id":5439,"date":"2025-05-17T16:06:12","date_gmt":"2025-05-17T19:06:12","guid":{"rendered":"https:\/\/bmsolucoesedu.com.br\/portal\/?post_type=product&#038;p=5439"},"modified":"2025-10-21T17:52:03","modified_gmt":"2025-10-21T20:52:03","slug":"kit-enxoval","status":"publish","type":"product","link":"https:\/\/bmsolucoesedu.com.br\/portal\/produtos\/kit-enxoval\/","title":{"rendered":"KIT ENXOVAL"},"content":{"rendered":"<p>&#8220;Bolsa &#8211; Confeccionada em tecido 93% poli\u00e9ster e 7% poliamida arestas medem 12mm e diagonais de 26 mm x 18 mm.<br \/>\nCobertor &#8211; Cobertor 100% poli\u00e9ster, gramatura 540 g\/m2, espessura 4,00 mm, comprimento 1,15 m x largura 1,00 m.<br \/>\nMacac\u00e3o curto tipo short &#8211; Tecido com tratamento antimicrobial, composi\u00e7\u00e3o de 48,25% Viscose 48,25% Algod\u00e3o 3,5% Elastano.<br \/>\nMacac\u00e3o longo &#8211; Tecido com tratamento antimicrobial, composi\u00e7\u00e3o de 48,25% Viscose 48,25% Algod\u00e3o 3,5% Elastano.<br \/>\nBody &#8211; Tecido com tratamento antimicrobial, com \u00e0 composi\u00e7\u00e3o de 48,25% Viscose 48,25% Algod\u00e3o 3,5% Elastano.<br \/>\nCulote &#8211; Tecido com tratamento antimicrobial, com \u00e0 composi\u00e7\u00e3o de 48,25% Viscose 48,25% Algod\u00e3o 3,5% Elastano.<br \/>\nCasaquinho com capuz &#8211; Tecido com tratamento antimicrobial, com \u00e0 composi\u00e7\u00e3o de 50% Algod\u00e3o 26% Poli\u00e9ster 24% Modal.<br \/>\nMeias &#8211; Gramatura: 200 gr\/m2, Composi\u00e7\u00e3o: 66% Algod\u00e3o \u2013 26% Polipropileno 7% Poliamida 1% Elastodieno.<br \/>\nToalha com capuz &#8211; Em felpa 100% Algod\u00e3o, gramatura 400 g\/m2. -Tamanho da toalha: Comprimento 70 cm X largura\/-Tamanho do capuz: Comprimento 22 cm X largura 24 cm.<br \/>\nTrocador &#8211; Trocador de Fraldas plastificado, formato de losango de 1,5 cm X 2,0 cm, com espessura de 1,35 mm, composi\u00e7\u00e3o 67% Poli\u00e9ster 21,5% Poliamida 10,5% Modal 1,0% Elastano.&#8221;<\/p>\n","protected":false},"excerpt":{"rendered":"<p>&#8220;Bolsa &#8211; Confeccionada em tecido 93% poli\u00e9ster e 7% poliamida arestas medem 12mm e diagonais de 26 mm x 18 mm.<br \/>\nCobertor &#8211; Cobertor 100% poli\u00e9ster, gramatura 540 g\/m2, espessura 4,00 mm, comprimento 1,15 m x largura 1,00 m.<br \/>\nMacac\u00e3o curto tipo short &#8211; Tecido com tratamento antimicrobial, composi\u00e7\u00e3o de 48,25% Viscose 48,25% Algod\u00e3o 3,5% Elastano.<br \/>\nMacac\u00e3o longo &#8211; Tecido com tratamento antimicrobial, composi\u00e7\u00e3o de 48,25% Viscose 48,25% Algod\u00e3o 3,5% Elastano.<br \/>\nBody &#8211; Tecido com tratamento antimicrobial, com \u00e0 composi\u00e7\u00e3o de 48,25% Viscose 48,25% Algod\u00e3o 3,5% Elastano.<br \/>\nCulote &#8211; Tecido com tratamento antimicrobial, com \u00e0 composi\u00e7\u00e3o de 48,25% Viscose 48,25% Algod\u00e3o 3,5% Elastano.<br \/>\nCasaquinho com capuz &#8211; Tecido com tratamento antimicrobial, com \u00e0 composi\u00e7\u00e3o de 50% Algod\u00e3o 26% Poli\u00e9ster 24% Modal.<br \/>\nMeias &#8211; Gramatura: 200 gr\/m2, Composi\u00e7\u00e3o: 66% Algod\u00e3o \u2013 26% Polipropileno 7% Poliamida 1% Elastodieno.<br \/>\nToalha com capuz &#8211; Em felpa 100% Algod\u00e3o, gramatura 400 g\/m2. -Tamanho da toalha: Comprimento 70 cm X largura\/-Tamanho do capuz: Comprimento 22 cm X largura 24 cm.<br \/>\nTrocador &#8211; Trocador de Fraldas plastificado, formato de losango de 1,5 cm X 2,0 cm, com espessura de 1,35 mm, composi\u00e7\u00e3o 67% Poli\u00e9ster 21,5% Poliamida 10,5% Modal 1,0% Elastano.&#8221;<\/p>\n","protected":false},"featured_media":5531,"template":"","meta":[],"product_brand":[],"product_cat":[196],"product_tag":[1321],"class_list":{"0":"post-5439","1":"product","2":"type-product","3":"status-publish","4":"has-post-thumbnail","6":"product_cat-uniformes","7":"product_tag-a253","8":"pa_item-225","9":"pa_lote-533","10":"pa_marca-propria1","11":"pa_n-ata-01-2025","12":"pa_pregao-eletronico-por-registro-de-precos-no-01-2024","13":"pa_processo-licitatorio-07-2024","14":"wcpv_product_vendors-vestisul-industria-e-comercio-eireli","16":"first","17":"instock","18":"featured","19":"shipping-taxable","20":"purchasable","21":"product-type-simple"},"_links":{"self":[{"href":"https:\/\/bmsolucoesedu.com.br\/portal\/wp-json\/wp\/v2\/product\/5439","targetHints":{"allow":["GET"]}}],"collection":[{"href":"https:\/\/bmsolucoesedu.com.br\/portal\/wp-json\/wp\/v2\/product"}],"about":[{"href":"https:\/\/bmsolucoesedu.com.br\/portal\/wp-json\/wp\/v2\/types\/product"}],"wp:featuredmedia":[{"embeddable":true,"href":"https:\/\/bmsolucoesedu.com.br\/portal\/wp-json\/wp\/v2\/media\/5531"}],"wp:attachment":[{"href":"https:\/\/bmsolucoesedu.com.br\/portal\/wp-json\/wp\/v2\/media?parent=5439"}],"wp:term":[{"taxonomy":"product_brand","embeddable":true,"href":"https:\/\/bmsolucoesedu.com.br\/portal\/wp-json\/wp\/v2\/product_brand?post=5439"},{"taxonomy":"product_cat","embeddable":true,"href":"https:\/\/bmsolucoesedu.com.br\/portal\/wp-json\/wp\/v2\/product_cat?post=5439"},{"taxonomy":"product_tag","embeddable":true,"href":"https:\/\/bmsolucoesedu.com.br\/portal\/wp-json\/wp\/v2\/product_tag?post=5439"}],"curies":[{"name":"wp","href":"https:\/\/api.w.org\/{rel}","templated":true}]}}