{"id":5437,"date":"2025-05-17T16:06:12","date_gmt":"2025-05-17T19:06:12","guid":{"rendered":"https:\/\/bmsolucoesedu.com.br\/portal\/?post_type=product&#038;p=5437"},"modified":"2025-05-20T11:47:26","modified_gmt":"2025-05-20T14:47:26","slug":"japona","status":"publish","type":"product","link":"https:\/\/bmsolucoesedu.com.br\/portal\/produtos\/japona\/","title":{"rendered":"JAPONA"},"content":{"rendered":"<p>Japona com capuz, confeccionada em tecido plano teci-tol, em losango constitu\u00eddo por v\u00e1rios desenhos geom\u00e9tricos. Como desenho principal do tecido temos um losango de 5mm por 3mm onde \u00e0 partir desse se constitui em sua extremidade superior duas linhas unidas formando-se um semi losango, repetindo isso na extremidade inferior com medidas de 3mm por 3mm, dando continuidade do desenho, formam-se duas linhas na extremidade superior 5mm por 5mm dando origem a semi losango aberto, na parte inferior forma-se tamb\u00e9m uma linha de 5mm por 5mm formando um semi losango aberto. Cor Azul Marinho Pantone.<\/p>\n","protected":false},"excerpt":{"rendered":"<p>Japona com capuz, confeccionada em tecido plano teci-tol, em losango constitu\u00eddo por v\u00e1rios desenhos geom\u00e9tricos. Como desenho principal do tecido temos um losango de 5mm por 3mm onde \u00e0 partir desse se constitui em sua extremidade superior duas linhas unidas formando-se um semi losango, repetindo isso na extremidade inferior com medidas de 3mm por 3mm, dando continuidade do desenho, formam-se duas linhas na extremidade superior 5mm por 5mm dando origem a semi losango aberto, na parte inferior forma-se tamb\u00e9m uma linha de 5mm por 5mm formando um semi losango aberto. Cor Azul Marinho Pantone.<\/p>\n","protected":false},"featured_media":5529,"template":"","meta":[],"product_brand":[],"product_cat":[196],"product_tag":[1321],"class_list":{"0":"post-5437","1":"product","2":"type-product","3":"status-publish","4":"has-post-thumbnail","6":"product_cat-uniformes","7":"product_tag-a253","8":"pa_item-256","9":"pa_lote-422","10":"pa_marca-propria1","11":"pa_n-ata-01-2025","12":"pa_pregao-eletronico-por-registro-de-precos-no-01-2024","13":"pa_processo-licitatorio-07-2024","14":"wcpv_product_vendors-vestisul-industria-e-comercio-eireli","16":"first","17":"instock","18":"shipping-taxable","19":"purchasable","20":"product-type-simple"},"_links":{"self":[{"href":"https:\/\/bmsolucoesedu.com.br\/portal\/wp-json\/wp\/v2\/product\/5437","targetHints":{"allow":["GET"]}}],"collection":[{"href":"https:\/\/bmsolucoesedu.com.br\/portal\/wp-json\/wp\/v2\/product"}],"about":[{"href":"https:\/\/bmsolucoesedu.com.br\/portal\/wp-json\/wp\/v2\/types\/product"}],"wp:featuredmedia":[{"embeddable":true,"href":"https:\/\/bmsolucoesedu.com.br\/portal\/wp-json\/wp\/v2\/media\/5529"}],"wp:attachment":[{"href":"https:\/\/bmsolucoesedu.com.br\/portal\/wp-json\/wp\/v2\/media?parent=5437"}],"wp:term":[{"taxonomy":"product_brand","embeddable":true,"href":"https:\/\/bmsolucoesedu.com.br\/portal\/wp-json\/wp\/v2\/product_brand?post=5437"},{"taxonomy":"product_cat","embeddable":true,"href":"https:\/\/bmsolucoesedu.com.br\/portal\/wp-json\/wp\/v2\/product_cat?post=5437"},{"taxonomy":"product_tag","embeddable":true,"href":"https:\/\/bmsolucoesedu.com.br\/portal\/wp-json\/wp\/v2\/product_tag?post=5437"}],"curies":[{"name":"wp","href":"https:\/\/api.w.org\/{rel}","templated":true}]}}