{"id":5435,"date":"2025-05-17T16:06:12","date_gmt":"2025-05-17T19:06:12","guid":{"rendered":"https:\/\/bmsolucoesedu.com.br\/portal\/?post_type=product&#038;p=5435"},"modified":"2025-05-20T11:47:27","modified_gmt":"2025-05-20T14:47:27","slug":"jaqueta","status":"publish","type":"product","link":"https:\/\/bmsolucoesedu.com.br\/portal\/produtos\/jaqueta\/","title":{"rendered":"JAQUETA"},"content":{"rendered":"<p>Confeccionada em malha interlock trabalhada com desenho em alto relevo com formas geom\u00e9tricas de ret\u00e2ngulos com comprimento 2,0 mm e largura 5,5 mm, malha com espessura 0,98 mm, composi\u00e7\u00e3o 88% Poli\u00e9ster 9,5% Modal 2,5% Elastano, gramatura 330 g\/m2. Na cor Azul Marinho Pantone. Mangas modelo raglan, no mesmo material do corpo e cor.<\/p>\n","protected":false},"excerpt":{"rendered":"<p>Confeccionada em malha interlock trabalhada com desenho em alto relevo com formas geom\u00e9tricas de ret\u00e2ngulos com comprimento 2,0 mm e largura 5,5 mm, malha com espessura 0,98 mm, composi\u00e7\u00e3o 88% Poli\u00e9ster 9,5% Modal 2,5% Elastano, gramatura 330 g\/m2. Na cor Azul Marinho Pantone. Mangas modelo raglan, no mesmo material do corpo e cor.<\/p>\n","protected":false},"featured_media":5532,"template":"","meta":[],"product_brand":[],"product_cat":[196],"product_tag":[1321],"class_list":{"0":"post-5435","1":"product","2":"type-product","3":"status-publish","4":"has-post-thumbnail","6":"product_cat-uniformes","7":"product_tag-a253","8":"pa_item-233","9":"pa_lote-422","10":"pa_marca-propria1","11":"pa_n-ata-01-2025","12":"pa_pregao-eletronico-por-registro-de-precos-no-01-2024","13":"pa_processo-licitatorio-07-2024","14":"wcpv_product_vendors-vestisul-industria-e-comercio-eireli","16":"first","17":"instock","18":"shipping-taxable","19":"purchasable","20":"product-type-simple"},"_links":{"self":[{"href":"https:\/\/bmsolucoesedu.com.br\/portal\/wp-json\/wp\/v2\/product\/5435","targetHints":{"allow":["GET"]}}],"collection":[{"href":"https:\/\/bmsolucoesedu.com.br\/portal\/wp-json\/wp\/v2\/product"}],"about":[{"href":"https:\/\/bmsolucoesedu.com.br\/portal\/wp-json\/wp\/v2\/types\/product"}],"wp:featuredmedia":[{"embeddable":true,"href":"https:\/\/bmsolucoesedu.com.br\/portal\/wp-json\/wp\/v2\/media\/5532"}],"wp:attachment":[{"href":"https:\/\/bmsolucoesedu.com.br\/portal\/wp-json\/wp\/v2\/media?parent=5435"}],"wp:term":[{"taxonomy":"product_brand","embeddable":true,"href":"https:\/\/bmsolucoesedu.com.br\/portal\/wp-json\/wp\/v2\/product_brand?post=5435"},{"taxonomy":"product_cat","embeddable":true,"href":"https:\/\/bmsolucoesedu.com.br\/portal\/wp-json\/wp\/v2\/product_cat?post=5435"},{"taxonomy":"product_tag","embeddable":true,"href":"https:\/\/bmsolucoesedu.com.br\/portal\/wp-json\/wp\/v2\/product_tag?post=5435"}],"curies":[{"name":"wp","href":"https:\/\/api.w.org\/{rel}","templated":true}]}}