{"id":5408,"date":"2025-05-16T17:53:18","date_gmt":"2025-05-16T20:53:18","guid":{"rendered":"https:\/\/bmsolucoesedu.com.br\/portal\/?post_type=product&#038;p=5408"},"modified":"2025-05-20T11:43:08","modified_gmt":"2025-05-20T14:43:08","slug":"volantederotacao-diagonalduplo","status":"publish","type":"product","link":"https:\/\/bmsolucoesedu.com.br\/portal\/produtos\/volantederotacao-diagonalduplo\/","title":{"rendered":"VOLANTE DE ROTA\u00c7\u00c3O DIAGONAL DUPLO"},"content":{"rendered":"<p>Para dois usu\u00e1rios Altura: 1550 mm; Profundidade: 1160 mm; Largura: 890 mm. Peso: 27,60 kg.<\/p>\n","protected":false},"excerpt":{"rendered":"<p>Para dois usu\u00e1rios Altura: 1550 mm; Profundidade: 1160 mm; Largura: 890 mm. Peso: 27,60 kg.<\/p>\n","protected":false},"featured_media":5504,"template":"","meta":[],"product_brand":[],"product_cat":[1316],"product_tag":[1317],"class_list":{"0":"post-5408","1":"product","2":"type-product","3":"status-publish","4":"has-post-thumbnail","6":"product_cat-academias","7":"product_tag-a248","8":"pa_item-1-1-5","9":"pa_lote-422","10":"pa_marca-playvalle","11":"pa_n-ata-21-2024","12":"pa_pregao-eletronico-por-registro-de-precos-no-19-2024","13":"pa_processo-licitatorio-21-2024","14":"wcpv_product_vendors-vale-comercio-de-produtos-para-educacao-ltda","16":"first","17":"instock","18":"shipping-taxable","19":"purchasable","20":"product-type-simple"},"_links":{"self":[{"href":"https:\/\/bmsolucoesedu.com.br\/portal\/wp-json\/wp\/v2\/product\/5408","targetHints":{"allow":["GET"]}}],"collection":[{"href":"https:\/\/bmsolucoesedu.com.br\/portal\/wp-json\/wp\/v2\/product"}],"about":[{"href":"https:\/\/bmsolucoesedu.com.br\/portal\/wp-json\/wp\/v2\/types\/product"}],"wp:featuredmedia":[{"embeddable":true,"href":"https:\/\/bmsolucoesedu.com.br\/portal\/wp-json\/wp\/v2\/media\/5504"}],"wp:attachment":[{"href":"https:\/\/bmsolucoesedu.com.br\/portal\/wp-json\/wp\/v2\/media?parent=5408"}],"wp:term":[{"taxonomy":"product_brand","embeddable":true,"href":"https:\/\/bmsolucoesedu.com.br\/portal\/wp-json\/wp\/v2\/product_brand?post=5408"},{"taxonomy":"product_cat","embeddable":true,"href":"https:\/\/bmsolucoesedu.com.br\/portal\/wp-json\/wp\/v2\/product_cat?post=5408"},{"taxonomy":"product_tag","embeddable":true,"href":"https:\/\/bmsolucoesedu.com.br\/portal\/wp-json\/wp\/v2\/product_tag?post=5408"}],"curies":[{"name":"wp","href":"https:\/\/api.w.org\/{rel}","templated":true}]}}