{"id":5399,"date":"2025-05-16T13:54:30","date_gmt":"2025-05-16T16:54:30","guid":{"rendered":"https:\/\/bmsolucoesedu.com.br\/portal\/?post_type=product&#038;p=5399"},"modified":"2025-05-16T13:56:33","modified_gmt":"2025-05-16T16:56:33","slug":"bau-pedagogico","status":"publish","type":"product","link":"https:\/\/bmsolucoesedu.com.br\/portal\/produtos\/bau-pedagogico\/","title":{"rendered":"B\u00e1u Pedag\u00f3gico"},"content":{"rendered":"<p>Apresentamos um kit de jogos pedag\u00f3gicos voltado para a educa\u00e7\u00e3o especial e inclusiva. Ele inclui 88 jogos desenvolvidos por especialistas em pedagogia e neuro psicopedagogia, com materiais dur\u00e1veis e selos de certifica\u00e7\u00e3o. Os jogos trabalham habilidades cognitivas, motoras e sensoriais, al\u00e9m de promoverem a inclus\u00e3o de crian\u00e7as com defici\u00eancias. O projeto tamb\u00e9m cont\u00e9m um livro do educador, materiais para alunos com defici\u00eancia visual e auditiva, al\u00e9m de um estojo personalizado para armazenamento. O objetivo principal \u00e9 estimular o aprendizado de forma l\u00fadica e acess\u00edvel.<br \/>\n<strong>Este ba\u00fa de jogos pedag\u00f3gicos \u00e9 para ata.<\/strong><\/p>\n","protected":false},"excerpt":{"rendered":"<p>Apresentamos um kit de jogos pedag\u00f3gicos voltado para a educa\u00e7\u00e3o especial e inclusiva. Ele inclui 88 jogos desenvolvidos por especialistas em pedagogia e neuro psicopedagogia, com materiais dur\u00e1veis e selos de certifica\u00e7\u00e3o. Os jogos trabalham habilidades cognitivas, motoras e sensoriais, al\u00e9m de promoverem a inclus\u00e3o de crian\u00e7as com defici\u00eancias. O projeto tamb\u00e9m cont\u00e9m um livro do educador, materiais para alunos com defici\u00eancia visual e auditiva, al\u00e9m de um estojo personalizado para armazenamento. O objetivo principal \u00e9 estimular o aprendizado de forma l\u00fadica e acess\u00edvel.<br \/>\n<strong>Este ba\u00fa de jogos pedag\u00f3gicos \u00e9 para ata.<\/strong><\/p>\n","protected":false},"featured_media":5400,"template":"","meta":[],"product_brand":[],"product_cat":[540],"product_tag":[895],"class_list":{"0":"post-5399","1":"product","2":"type-product","3":"status-publish","4":"has-post-thumbnail","6":"product_cat-projetos","7":"product_tag-a129","8":"pa_item-810","9":"pa_lote-422","10":"pa_marca-astucia","11":"pa_n-ata-103-pmj-2024","12":"pa_pregao-eletronico-por-registro-de-precos-no-089-pmj-2024","13":"pa_processo-licitatorio-4304-pmj-2024","14":"wcpv_product_vendors-bm-comercio-e-servicos-ltda","16":"first","17":"instock","18":"featured","19":"shipping-taxable","20":"purchasable","21":"product-type-simple"},"_links":{"self":[{"href":"https:\/\/bmsolucoesedu.com.br\/portal\/wp-json\/wp\/v2\/product\/5399","targetHints":{"allow":["GET"]}}],"collection":[{"href":"https:\/\/bmsolucoesedu.com.br\/portal\/wp-json\/wp\/v2\/product"}],"about":[{"href":"https:\/\/bmsolucoesedu.com.br\/portal\/wp-json\/wp\/v2\/types\/product"}],"wp:featuredmedia":[{"embeddable":true,"href":"https:\/\/bmsolucoesedu.com.br\/portal\/wp-json\/wp\/v2\/media\/5400"}],"wp:attachment":[{"href":"https:\/\/bmsolucoesedu.com.br\/portal\/wp-json\/wp\/v2\/media?parent=5399"}],"wp:term":[{"taxonomy":"product_brand","embeddable":true,"href":"https:\/\/bmsolucoesedu.com.br\/portal\/wp-json\/wp\/v2\/product_brand?post=5399"},{"taxonomy":"product_cat","embeddable":true,"href":"https:\/\/bmsolucoesedu.com.br\/portal\/wp-json\/wp\/v2\/product_cat?post=5399"},{"taxonomy":"product_tag","embeddable":true,"href":"https:\/\/bmsolucoesedu.com.br\/portal\/wp-json\/wp\/v2\/product_tag?post=5399"}],"curies":[{"name":"wp","href":"https:\/\/api.w.org\/{rel}","templated":true}]}}