{"id":5391,"date":"2025-05-15T20:03:55","date_gmt":"2025-05-15T23:03:55","guid":{"rendered":"https:\/\/bmsolucoesedu.com.br\/portal\/?post_type=product&#038;p=5391"},"modified":"2025-05-15T20:03:55","modified_gmt":"2025-05-15T23:03:55","slug":"jogos-alfabetizacao-ludica","status":"publish","type":"product","link":"https:\/\/bmsolucoesedu.com.br\/portal\/produtos\/jogos-alfabetizacao-ludica\/","title":{"rendered":"JOGOS ALFABETIZA\u00c7\u00c3O L\u00daDICA"},"content":{"rendered":"<p>JOGOS ALFABETIZA\u00c7\u00c3O L\u00daDICA<br \/>\nProjeto Pedag\u00f3gico ABC da Alfabetiza\u00e7\u00e3o L\u00fadica &#8211; uma cole\u00e7\u00e3o de jogos pedag\u00f3gicos criados para apoiar o processo de alfabetiza\u00e7\u00e3o de forma divertida, interativa e significativa. Com foco no desenvolvimento da leitura e escrita por meio do brincar, os recursos s\u00e3o ideais para uso em sala de aula, oferecendo estrat\u00e9gias l\u00fadicas que despertam o interesse dos alunos e facilitam a aprendizagem. Um apoio eficaz para educadores que buscam tornar o ensino mais envolvente desde os primeiros anos.<\/p>\n","protected":false},"excerpt":{"rendered":"<p>JOGOS ALFABETIZA\u00c7\u00c3O L\u00daDICA<br \/>\nProjeto Pedag\u00f3gico ABC da Alfabetiza\u00e7\u00e3o L\u00fadica &#8211; uma cole\u00e7\u00e3o de jogos pedag\u00f3gicos criados para apoiar o processo de alfabetiza\u00e7\u00e3o de forma divertida, interativa e significativa. Com foco no desenvolvimento da leitura e escrita por meio do brincar, os recursos s\u00e3o ideais para uso em sala de aula, oferecendo estrat\u00e9gias l\u00fadicas que despertam o interesse dos alunos e facilitam a aprendizagem. Um apoio eficaz para educadores que buscam tornar o ensino mais envolvente desde os primeiros anos.<\/p>\n","protected":false},"featured_media":5751,"template":"","meta":[],"product_brand":[],"product_cat":[540],"product_tag":[1306,211],"class_list":{"0":"post-5391","1":"product","2":"type-product","3":"status-publish","4":"has-post-thumbnail","6":"product_cat-projetos","7":"product_tag-i014","8":"product_tag-inex","9":"pa_item-i014","10":"pa_marca-pae-editora","11":"pa_n-ata-i014","12":"wcpv_product_vendors-pae-editora-e-distribuidora-de-livros-ltda","14":"first","15":"instock","16":"shipping-taxable","17":"purchasable","18":"product-type-simple"},"_links":{"self":[{"href":"https:\/\/bmsolucoesedu.com.br\/portal\/wp-json\/wp\/v2\/product\/5391","targetHints":{"allow":["GET"]}}],"collection":[{"href":"https:\/\/bmsolucoesedu.com.br\/portal\/wp-json\/wp\/v2\/product"}],"about":[{"href":"https:\/\/bmsolucoesedu.com.br\/portal\/wp-json\/wp\/v2\/types\/product"}],"wp:featuredmedia":[{"embeddable":true,"href":"https:\/\/bmsolucoesedu.com.br\/portal\/wp-json\/wp\/v2\/media\/5751"}],"wp:attachment":[{"href":"https:\/\/bmsolucoesedu.com.br\/portal\/wp-json\/wp\/v2\/media?parent=5391"}],"wp:term":[{"taxonomy":"product_brand","embeddable":true,"href":"https:\/\/bmsolucoesedu.com.br\/portal\/wp-json\/wp\/v2\/product_brand?post=5391"},{"taxonomy":"product_cat","embeddable":true,"href":"https:\/\/bmsolucoesedu.com.br\/portal\/wp-json\/wp\/v2\/product_cat?post=5391"},{"taxonomy":"product_tag","embeddable":true,"href":"https:\/\/bmsolucoesedu.com.br\/portal\/wp-json\/wp\/v2\/product_tag?post=5391"}],"curies":[{"name":"wp","href":"https:\/\/api.w.org\/{rel}","templated":true}]}}