{"id":4748,"date":"2025-05-14T13:47:32","date_gmt":"2025-05-14T16:47:32","guid":{"rendered":"https:\/\/bmsolucoesedu.com.br\/portal\/?post_type=product&#038;p=4748"},"modified":"2025-05-26T16:51:52","modified_gmt":"2025-05-26T19:51:52","slug":"conjunto-de-solidos-geometricos-em-plastico-com-8-pecas","status":"publish","type":"product","link":"https:\/\/bmsolucoesedu.com.br\/portal\/produtos\/conjunto-de-solidos-geometricos-em-plastico-com-8-pecas\/","title":{"rendered":"Conjunto de s\u00f3lidos geom\u00e9tricos em pl\u00e1stico com 8 pe\u00e7as"},"content":{"rendered":"<p>Conjunto com, no m\u00ednimo, 8 s\u00f3lidos geom\u00e9tricos de tamanhos variados, confeccionados em pl\u00e1stico de alto impacto, medindo aproximadamente 80x40mm. Dever\u00e1 ser acondicionado em caixa de papel\u00e3o. Dever\u00e1 conter, no m\u00ednimo: prisma hexagonal; cilindro reto; prisma de base quadrada; prisma de base triangular; cone reto; esfera; cubo; pir\u00e2mide quadrangular. Dever\u00e1 possuir certifica\u00e7\u00e3o ABNT NBR NM 300-1 e ABNT NBR NM 300- 3. Dimens\u00f5es com toler\u00e2ncia de +\/- 5%.<\/p>\n","protected":false},"excerpt":{"rendered":"<p>Conjunto com, no m\u00ednimo, 8 s\u00f3lidos geom\u00e9tricos de tamanhos variados, confeccionados em pl\u00e1stico de alto impacto, medindo aproximadamente 80x40mm. Dever\u00e1 ser acondicionado em caixa de papel\u00e3o. Dever\u00e1 conter, no m\u00ednimo: prisma hexagonal; cilindro reto; prisma de base quadrada; prisma de base triangular; cone reto; esfera; cubo; pir\u00e2mide quadrangular. Dever\u00e1 possuir certifica\u00e7\u00e3o ABNT NBR NM 300-1 e ABNT NBR NM 300- 3. Dimens\u00f5es com toler\u00e2ncia de +\/- 5%.<\/p>\n","protected":false},"featured_media":4968,"template":"","meta":[],"product_brand":[],"product_cat":[192],"product_tag":[1129],"class_list":{"0":"post-4748","1":"product","2":"type-product","3":"status-publish","4":"has-post-thumbnail","6":"product_cat-brinquedos","7":"product_tag-a260","8":"pa_item-603","9":"pa_lote-574","10":"pa_marca-brink-mobil","11":"pa_n-ata-10-2025","12":"pa_pregao-eletronico-por-registro-de-precos-no-04-2025","13":"pa_processo-licitatorio-06-2025","14":"wcpv_product_vendors-brink-mobil-equipamentos-educacionais-ltda","16":"first","17":"instock","18":"shipping-taxable","19":"purchasable","20":"product-type-simple"},"_links":{"self":[{"href":"https:\/\/bmsolucoesedu.com.br\/portal\/wp-json\/wp\/v2\/product\/4748","targetHints":{"allow":["GET"]}}],"collection":[{"href":"https:\/\/bmsolucoesedu.com.br\/portal\/wp-json\/wp\/v2\/product"}],"about":[{"href":"https:\/\/bmsolucoesedu.com.br\/portal\/wp-json\/wp\/v2\/types\/product"}],"wp:featuredmedia":[{"embeddable":true,"href":"https:\/\/bmsolucoesedu.com.br\/portal\/wp-json\/wp\/v2\/media\/4968"}],"wp:attachment":[{"href":"https:\/\/bmsolucoesedu.com.br\/portal\/wp-json\/wp\/v2\/media?parent=4748"}],"wp:term":[{"taxonomy":"product_brand","embeddable":true,"href":"https:\/\/bmsolucoesedu.com.br\/portal\/wp-json\/wp\/v2\/product_brand?post=4748"},{"taxonomy":"product_cat","embeddable":true,"href":"https:\/\/bmsolucoesedu.com.br\/portal\/wp-json\/wp\/v2\/product_cat?post=4748"},{"taxonomy":"product_tag","embeddable":true,"href":"https:\/\/bmsolucoesedu.com.br\/portal\/wp-json\/wp\/v2\/product_tag?post=4748"}],"curies":[{"name":"wp","href":"https:\/\/api.w.org\/{rel}","templated":true}]}}