{"id":4735,"date":"2025-05-14T13:47:32","date_gmt":"2025-05-14T16:47:32","guid":{"rendered":"https:\/\/bmsolucoesedu.com.br\/portal\/?post_type=product&#038;p=4735"},"modified":"2025-05-26T16:51:52","modified_gmt":"2025-05-26T19:51:52","slug":"tapete-de-letras","status":"publish","type":"product","link":"https:\/\/bmsolucoesedu.com.br\/portal\/produtos\/tapete-de-letras\/","title":{"rendered":"Tapete de letras"},"content":{"rendered":"<p>Conjunto dever\u00e1 ser confeccionado em EVA, contendo 26 placas em letra de forma (mai\u00fasculas e min\u00fasculas) que permitam encaixes uma as outras, medindo aproximadamente 300x300x8mm cada. Desenvolve no\u00e7\u00f5es de escrita e leitura; e a identifica\u00e7\u00e3o e o uso do alfabeto. Dever\u00e1 ser acondicionado em sacola de PVC transparente, com z\u00edper e al\u00e7a. Dever\u00e1 possuir certifica\u00e7\u00e3o ABNT NBR NM 300-1 e ABNT NBR NM  300-3.  Dimens\u00f5es com toler\u00e2ncia de +\/- 5%.<\/p>\n","protected":false},"excerpt":{"rendered":"<p>Conjunto dever\u00e1 ser confeccionado em EVA, contendo 26 placas em letra de forma (mai\u00fasculas e min\u00fasculas) que permitam encaixes uma as outras, medindo aproximadamente 300x300x8mm cada. Desenvolve no\u00e7\u00f5es de escrita e leitura; e a identifica\u00e7\u00e3o e o uso do alfabeto. Dever\u00e1 ser acondicionado em sacola de PVC transparente, com z\u00edper e al\u00e7a. Dever\u00e1 possuir certifica\u00e7\u00e3o ABNT NBR NM 300-1 e ABNT NBR NM  300-3.  Dimens\u00f5es com toler\u00e2ncia de +\/- 5%.<\/p>\n","protected":false},"featured_media":4985,"template":"","meta":[],"product_brand":[],"product_cat":[192],"product_tag":[1129],"class_list":{"0":"post-4735","1":"product","2":"type-product","3":"status-publish","4":"has-post-thumbnail","6":"product_cat-brinquedos","7":"product_tag-a260","8":"pa_item-590","9":"pa_lote-574","10":"pa_marca-brink-mobil","11":"pa_n-ata-10-2025","12":"pa_pregao-eletronico-por-registro-de-precos-no-04-2025","13":"pa_processo-licitatorio-06-2025","14":"wcpv_product_vendors-brink-mobil-equipamentos-educacionais-ltda","16":"first","17":"instock","18":"shipping-taxable","19":"purchasable","20":"product-type-simple"},"_links":{"self":[{"href":"https:\/\/bmsolucoesedu.com.br\/portal\/wp-json\/wp\/v2\/product\/4735","targetHints":{"allow":["GET"]}}],"collection":[{"href":"https:\/\/bmsolucoesedu.com.br\/portal\/wp-json\/wp\/v2\/product"}],"about":[{"href":"https:\/\/bmsolucoesedu.com.br\/portal\/wp-json\/wp\/v2\/types\/product"}],"wp:featuredmedia":[{"embeddable":true,"href":"https:\/\/bmsolucoesedu.com.br\/portal\/wp-json\/wp\/v2\/media\/4985"}],"wp:attachment":[{"href":"https:\/\/bmsolucoesedu.com.br\/portal\/wp-json\/wp\/v2\/media?parent=4735"}],"wp:term":[{"taxonomy":"product_brand","embeddable":true,"href":"https:\/\/bmsolucoesedu.com.br\/portal\/wp-json\/wp\/v2\/product_brand?post=4735"},{"taxonomy":"product_cat","embeddable":true,"href":"https:\/\/bmsolucoesedu.com.br\/portal\/wp-json\/wp\/v2\/product_cat?post=4735"},{"taxonomy":"product_tag","embeddable":true,"href":"https:\/\/bmsolucoesedu.com.br\/portal\/wp-json\/wp\/v2\/product_tag?post=4735"}],"curies":[{"name":"wp","href":"https:\/\/api.w.org\/{rel}","templated":true}]}}