{"id":4674,"date":"2025-05-14T13:47:20","date_gmt":"2025-05-14T16:47:20","guid":{"rendered":"https:\/\/bmsolucoesedu.com.br\/portal\/?post_type=product&#038;p=4674"},"modified":"2025-05-27T09:03:38","modified_gmt":"2025-05-27T12:03:38","slug":"conjunto-jogos-tradicionais","status":"publish","type":"product","link":"https:\/\/bmsolucoesedu.com.br\/portal\/produtos\/conjunto-jogos-tradicionais\/","title":{"rendered":"Conjunto jogos tradicionais"},"content":{"rendered":"<p>O conjunto necessita ser confeccionado em MDF e madeira, impresso em policromia, conter no m\u00ednimo 05 jogos de tabuleiro com medidas aproximadas a 235x235mm, sendo: dama, trilha, jogo da velha, xadrez e ludo. Dever\u00e1 ser acondicionado em estojo de madeira medindo aproximadamente 260x260x60mm. Dever\u00e1 possuir certifica\u00e7\u00e3o ABNT NBR NM 300-1 e ABNT NBR NM 300- 3. Dimens\u00f5es com toler\u00e2ncia de +\/- 5%.<\/p>\n","protected":false},"excerpt":{"rendered":"<p>O conjunto necessita ser confeccionado em MDF e madeira, impresso em policromia, conter no m\u00ednimo 05 jogos de tabuleiro com medidas aproximadas a 235x235mm, sendo: dama, trilha, jogo da velha, xadrez e ludo. Dever\u00e1 ser acondicionado em estojo de madeira medindo aproximadamente 260x260x60mm. Dever\u00e1 possuir certifica\u00e7\u00e3o ABNT NBR NM 300-1 e ABNT NBR NM 300- 3. Dimens\u00f5es com toler\u00e2ncia de +\/- 5%.<\/p>\n","protected":false},"featured_media":4924,"template":"","meta":[],"product_brand":[],"product_cat":[192],"product_tag":[1129],"class_list":{"0":"post-4674","1":"product","2":"type-product","3":"status-publish","4":"has-post-thumbnail","6":"product_cat-brinquedos","7":"product_tag-a260","8":"pa_item-303","9":"pa_lote-574","10":"pa_marca-brink-mobil","11":"pa_n-ata-10-2025","12":"pa_pregao-eletronico-por-registro-de-precos-no-04-2025","13":"pa_processo-licitatorio-06-2025","14":"wcpv_product_vendors-brink-mobil-equipamentos-educacionais-ltda","16":"first","17":"instock","18":"shipping-taxable","19":"purchasable","20":"product-type-simple"},"_links":{"self":[{"href":"https:\/\/bmsolucoesedu.com.br\/portal\/wp-json\/wp\/v2\/product\/4674","targetHints":{"allow":["GET"]}}],"collection":[{"href":"https:\/\/bmsolucoesedu.com.br\/portal\/wp-json\/wp\/v2\/product"}],"about":[{"href":"https:\/\/bmsolucoesedu.com.br\/portal\/wp-json\/wp\/v2\/types\/product"}],"wp:featuredmedia":[{"embeddable":true,"href":"https:\/\/bmsolucoesedu.com.br\/portal\/wp-json\/wp\/v2\/media\/4924"}],"wp:attachment":[{"href":"https:\/\/bmsolucoesedu.com.br\/portal\/wp-json\/wp\/v2\/media?parent=4674"}],"wp:term":[{"taxonomy":"product_brand","embeddable":true,"href":"https:\/\/bmsolucoesedu.com.br\/portal\/wp-json\/wp\/v2\/product_brand?post=4674"},{"taxonomy":"product_cat","embeddable":true,"href":"https:\/\/bmsolucoesedu.com.br\/portal\/wp-json\/wp\/v2\/product_cat?post=4674"},{"taxonomy":"product_tag","embeddable":true,"href":"https:\/\/bmsolucoesedu.com.br\/portal\/wp-json\/wp\/v2\/product_tag?post=4674"}],"curies":[{"name":"wp","href":"https:\/\/api.w.org\/{rel}","templated":true}]}}