{"id":4666,"date":"2025-05-14T13:47:14","date_gmt":"2025-05-14T16:47:14","guid":{"rendered":"https:\/\/bmsolucoesedu.com.br\/portal\/?post_type=product&#038;p=4666"},"modified":"2025-05-26T16:43:09","modified_gmt":"2025-05-26T19:43:09","slug":"conjunto-de-pelucia-de-animais-com-filhotes","status":"publish","type":"product","link":"https:\/\/bmsolucoesedu.com.br\/portal\/produtos\/conjunto-de-pelucia-de-animais-com-filhotes\/","title":{"rendered":"Conjunto de pel\u00facia de animais com filhotes"},"content":{"rendered":"<p>Dever\u00e1 ser confeccionado em plush antial\u00e9rgico, com enchimento em fibra siliconada, conter, no m\u00ednimo, 5 animais: porca, coelha, vaca, galinha, tartaruga f\u00eamea, medindo aproximadamente 250mm cada. Com abertura de z\u00edper, cada animal dever\u00e1 carregar em seu interior os respectivos filhotes. Dever\u00e1 ser acondicionado em embalagem pl\u00e1stica. Dever\u00e1 possuir certifica\u00e7\u00e3o ABNT NBR NM 300-1 e ABNT NBR NM 300- 3. Dimens\u00f5es com toler\u00e2ncia de +\/- 5%.<\/p>\n","protected":false},"excerpt":{"rendered":"<p>Dever\u00e1 ser confeccionado em plush antial\u00e9rgico, com enchimento em fibra siliconada, conter, no m\u00ednimo, 5 animais: porca, coelha, vaca, galinha, tartaruga f\u00eamea, medindo aproximadamente 250mm cada. Com abertura de z\u00edper, cada animal dever\u00e1 carregar em seu interior os respectivos filhotes. Dever\u00e1 ser acondicionado em embalagem pl\u00e1stica. Dever\u00e1 possuir certifica\u00e7\u00e3o ABNT NBR NM 300-1 e ABNT NBR NM 300- 3. Dimens\u00f5es com toler\u00e2ncia de +\/- 5%.<\/p>\n","protected":false},"featured_media":4861,"template":"","meta":[],"product_brand":[],"product_cat":[192],"product_tag":[1129],"class_list":{"0":"post-4666","1":"product","2":"type-product","3":"status-publish","4":"has-post-thumbnail","6":"product_cat-brinquedos","7":"product_tag-a260","8":"pa_item-290","9":"pa_lote-574","10":"pa_marca-brink-mobil","11":"pa_n-ata-10-2025","12":"pa_pregao-eletronico-por-registro-de-precos-no-04-2025","13":"pa_processo-licitatorio-06-2025","14":"wcpv_product_vendors-brink-mobil-equipamentos-educacionais-ltda","16":"first","17":"instock","18":"shipping-taxable","19":"purchasable","20":"product-type-simple"},"_links":{"self":[{"href":"https:\/\/bmsolucoesedu.com.br\/portal\/wp-json\/wp\/v2\/product\/4666","targetHints":{"allow":["GET"]}}],"collection":[{"href":"https:\/\/bmsolucoesedu.com.br\/portal\/wp-json\/wp\/v2\/product"}],"about":[{"href":"https:\/\/bmsolucoesedu.com.br\/portal\/wp-json\/wp\/v2\/types\/product"}],"wp:featuredmedia":[{"embeddable":true,"href":"https:\/\/bmsolucoesedu.com.br\/portal\/wp-json\/wp\/v2\/media\/4861"}],"wp:attachment":[{"href":"https:\/\/bmsolucoesedu.com.br\/portal\/wp-json\/wp\/v2\/media?parent=4666"}],"wp:term":[{"taxonomy":"product_brand","embeddable":true,"href":"https:\/\/bmsolucoesedu.com.br\/portal\/wp-json\/wp\/v2\/product_brand?post=4666"},{"taxonomy":"product_cat","embeddable":true,"href":"https:\/\/bmsolucoesedu.com.br\/portal\/wp-json\/wp\/v2\/product_cat?post=4666"},{"taxonomy":"product_tag","embeddable":true,"href":"https:\/\/bmsolucoesedu.com.br\/portal\/wp-json\/wp\/v2\/product_tag?post=4666"}],"curies":[{"name":"wp","href":"https:\/\/api.w.org\/{rel}","templated":true}]}}