{"id":4664,"date":"2025-05-14T13:47:14","date_gmt":"2025-05-14T16:47:14","guid":{"rendered":"https:\/\/bmsolucoesedu.com.br\/portal\/?post_type=product&#038;p=4664"},"modified":"2025-05-26T16:43:09","modified_gmt":"2025-05-26T19:43:09","slug":"conjunto-de-montagem-com-pecas-de-formato-geometrico","status":"publish","type":"product","link":"https:\/\/bmsolucoesedu.com.br\/portal\/produtos\/conjunto-de-montagem-com-pecas-de-formato-geometrico\/","title":{"rendered":"Conjunto de montagem com pe\u00e7as  de formato geom\u00e9trico"},"content":{"rendered":"<p>Com no m\u00ednimo, 210 pe\u00e7as de encaixe, divididas em 6 formatos geom\u00e9tricos com tamanhos proporcionais entre si, confeccionadas em pl\u00e1stico polipropileno virgem, at\u00f3xico, brilhante, em, no m\u00ednimo, 5 cores vivas, sendo: tri\u00e2ngulo com 1 pino de encaixe, m\u00ednimo 46mm cada lado e 41mm de altura; losango com 2 pinos, equivalente a 2 tri\u00e2ngulos; trap\u00e9zio com 3 pinos, equivalente a 3 tri\u00e2ngulos; paralelogramo direito com 4 pinos, equivalente a 4 tri\u00e2ngulos; paralelogramo esquerdo com 4 pinos, equivalente a 4 tri\u00e2ngulos; trap\u00e9zio com 5 pinos, equivalente a 5 tri\u00e2ngulos. Dever\u00e1 ser acondicionado em sacola PVC cristal transparente, com al\u00e7a e z\u00edper. Pr\u00f3prio para desenvolvimento da coordena\u00e7\u00e3o motora, atrav\u00e9s de atividades de constru\u00e7\u00e3o e exerc\u00edcio da criatividade. Dever\u00e1 possuir certifica\u00e7\u00e3o ABNT NBR NM  300-1 e ABNT NBR NM  300-3. Dimens\u00f5es com toler\u00e2ncia de +\/- 5%.<\/p>\n","protected":false},"excerpt":{"rendered":"<p>Com no m\u00ednimo, 210 pe\u00e7as de encaixe, divididas em 6 formatos geom\u00e9tricos com tamanhos proporcionais entre si, confeccionadas em pl\u00e1stico polipropileno virgem, at\u00f3xico, brilhante, em, no m\u00ednimo, 5 cores vivas, sendo: tri\u00e2ngulo com 1 pino de encaixe, m\u00ednimo 46mm cada lado e 41mm de altura; losango com 2 pinos, equivalente a 2 tri\u00e2ngulos; trap\u00e9zio com 3 pinos, equivalente a 3 tri\u00e2ngulos; paralelogramo direito com 4 pinos, equivalente a 4 tri\u00e2ngulos; paralelogramo esquerdo com 4 pinos, equivalente a 4 tri\u00e2ngulos; trap\u00e9zio com 5 pinos, equivalente a 5 tri\u00e2ngulos. Dever\u00e1 ser acondicionado em sacola PVC cristal transparente, com al\u00e7a e z\u00edper. Pr\u00f3prio para desenvolvimento da coordena\u00e7\u00e3o motora, atrav\u00e9s de atividades de constru\u00e7\u00e3o e exerc\u00edcio da criatividade. Dever\u00e1 possuir certifica\u00e7\u00e3o ABNT NBR NM  300-1 e ABNT NBR NM  300-3. Dimens\u00f5es com toler\u00e2ncia de +\/- 5%.<\/p>\n","protected":false},"featured_media":4859,"template":"","meta":[],"product_brand":[],"product_cat":[192],"product_tag":[1129],"class_list":{"0":"post-4664","1":"product","2":"type-product","3":"status-publish","4":"has-post-thumbnail","6":"product_cat-brinquedos","7":"product_tag-a260","8":"pa_item-285","9":"pa_lote-574","10":"pa_marca-brink-mobil","11":"pa_n-ata-10-2025","12":"pa_pregao-eletronico-por-registro-de-precos-no-04-2025","13":"pa_processo-licitatorio-06-2025","14":"wcpv_product_vendors-brink-mobil-equipamentos-educacionais-ltda","16":"first","17":"instock","18":"shipping-taxable","19":"purchasable","20":"product-type-simple"},"_links":{"self":[{"href":"https:\/\/bmsolucoesedu.com.br\/portal\/wp-json\/wp\/v2\/product\/4664","targetHints":{"allow":["GET"]}}],"collection":[{"href":"https:\/\/bmsolucoesedu.com.br\/portal\/wp-json\/wp\/v2\/product"}],"about":[{"href":"https:\/\/bmsolucoesedu.com.br\/portal\/wp-json\/wp\/v2\/types\/product"}],"wp:featuredmedia":[{"embeddable":true,"href":"https:\/\/bmsolucoesedu.com.br\/portal\/wp-json\/wp\/v2\/media\/4859"}],"wp:attachment":[{"href":"https:\/\/bmsolucoesedu.com.br\/portal\/wp-json\/wp\/v2\/media?parent=4664"}],"wp:term":[{"taxonomy":"product_brand","embeddable":true,"href":"https:\/\/bmsolucoesedu.com.br\/portal\/wp-json\/wp\/v2\/product_brand?post=4664"},{"taxonomy":"product_cat","embeddable":true,"href":"https:\/\/bmsolucoesedu.com.br\/portal\/wp-json\/wp\/v2\/product_cat?post=4664"},{"taxonomy":"product_tag","embeddable":true,"href":"https:\/\/bmsolucoesedu.com.br\/portal\/wp-json\/wp\/v2\/product_tag?post=4664"}],"curies":[{"name":"wp","href":"https:\/\/api.w.org\/{rel}","templated":true}]}}