{"id":4656,"date":"2025-05-14T13:47:14","date_gmt":"2025-05-14T16:47:14","guid":{"rendered":"https:\/\/bmsolucoesedu.com.br\/portal\/?post_type=product&#038;p=4656"},"modified":"2025-05-26T16:43:09","modified_gmt":"2025-05-26T19:43:09","slug":"conjunto-de-encaixe-para-a-combinacao-de-imagens","status":"publish","type":"product","link":"https:\/\/bmsolucoesedu.com.br\/portal\/produtos\/conjunto-de-encaixe-para-a-combinacao-de-imagens\/","title":{"rendered":"Conjunto de encaixe para a combina\u00e7\u00e3o de imagens"},"content":{"rendered":"<p>Conjunto de blocos confeccionados em pl\u00e1stico polipropileno at\u00f3xico de alto brilho. Dever\u00e1 conter, no m\u00ednimo, 15 pe\u00e7as coloridas divididas em tr\u00eas partes encaix\u00e1veis. As pe\u00e7as dever\u00e3o ser ilustradas nos quatro lados, possibilitando combin\u00e1-las e formar diferentes imagens. Cada pe\u00e7a dever\u00e1 medir aproximadamente 80x80mm, tamanho seguro e aconselh\u00e1vel para crian\u00e7as pequenas. Dever\u00e1 ser acondicionado em sacola de PVC cristal com z\u00edper e al\u00e7a. Dever\u00e1 possuir certifica\u00e7\u00e3o ABNT NBR NM 300-1 e ABNT NBR NM 300- 3. Dimens\u00f5es com toler\u00e2ncia de +\/- 5%.<\/p>\n","protected":false},"excerpt":{"rendered":"<p>Conjunto de blocos confeccionados em pl\u00e1stico polipropileno at\u00f3xico de alto brilho. Dever\u00e1 conter, no m\u00ednimo, 15 pe\u00e7as coloridas divididas em tr\u00eas partes encaix\u00e1veis. As pe\u00e7as dever\u00e3o ser ilustradas nos quatro lados, possibilitando combin\u00e1-las e formar diferentes imagens. Cada pe\u00e7a dever\u00e1 medir aproximadamente 80x80mm, tamanho seguro e aconselh\u00e1vel para crian\u00e7as pequenas. Dever\u00e1 ser acondicionado em sacola de PVC cristal com z\u00edper e al\u00e7a. Dever\u00e1 possuir certifica\u00e7\u00e3o ABNT NBR NM 300-1 e ABNT NBR NM 300- 3. Dimens\u00f5es com toler\u00e2ncia de +\/- 5%.<\/p>\n","protected":false},"featured_media":4881,"template":"","meta":[],"product_brand":[],"product_cat":[192],"product_tag":[1129],"class_list":{"0":"post-4656","1":"product","2":"type-product","3":"status-publish","4":"has-post-thumbnail","6":"product_cat-brinquedos","7":"product_tag-a260","8":"pa_item-269","9":"pa_lote-574","10":"pa_marca-brink-mobil","11":"pa_n-ata-10-2025","12":"pa_pregao-eletronico-por-registro-de-precos-no-04-2025","13":"pa_processo-licitatorio-06-2025","14":"wcpv_product_vendors-brink-mobil-equipamentos-educacionais-ltda","16":"first","17":"instock","18":"shipping-taxable","19":"purchasable","20":"product-type-simple"},"_links":{"self":[{"href":"https:\/\/bmsolucoesedu.com.br\/portal\/wp-json\/wp\/v2\/product\/4656","targetHints":{"allow":["GET"]}}],"collection":[{"href":"https:\/\/bmsolucoesedu.com.br\/portal\/wp-json\/wp\/v2\/product"}],"about":[{"href":"https:\/\/bmsolucoesedu.com.br\/portal\/wp-json\/wp\/v2\/types\/product"}],"wp:featuredmedia":[{"embeddable":true,"href":"https:\/\/bmsolucoesedu.com.br\/portal\/wp-json\/wp\/v2\/media\/4881"}],"wp:attachment":[{"href":"https:\/\/bmsolucoesedu.com.br\/portal\/wp-json\/wp\/v2\/media?parent=4656"}],"wp:term":[{"taxonomy":"product_brand","embeddable":true,"href":"https:\/\/bmsolucoesedu.com.br\/portal\/wp-json\/wp\/v2\/product_brand?post=4656"},{"taxonomy":"product_cat","embeddable":true,"href":"https:\/\/bmsolucoesedu.com.br\/portal\/wp-json\/wp\/v2\/product_cat?post=4656"},{"taxonomy":"product_tag","embeddable":true,"href":"https:\/\/bmsolucoesedu.com.br\/portal\/wp-json\/wp\/v2\/product_tag?post=4656"}],"curies":[{"name":"wp","href":"https:\/\/api.w.org\/{rel}","templated":true}]}}