{"id":4644,"date":"2025-05-14T13:47:13","date_gmt":"2025-05-14T16:47:13","guid":{"rendered":"https:\/\/bmsolucoesedu.com.br\/portal\/?post_type=product&#038;p=4644"},"modified":"2025-05-26T16:43:08","modified_gmt":"2025-05-26T19:43:08","slug":"alfabeto-ilustrado","status":"publish","type":"product","link":"https:\/\/bmsolucoesedu.com.br\/portal\/produtos\/alfabeto-ilustrado\/","title":{"rendered":"Alfabeto ilustrado"},"content":{"rendered":"<p>Dever\u00e1 ser confeccionado em MDF e impresso em policromia, conter, no m\u00ednimo, 78 pe\u00e7as encaixadas em tr\u00eas partes, que dever\u00e3o formar, no m\u00ednimo, 26 placas de aproximadamente 70x132x2,8mm. Dever\u00e1 ser acondicionado em caixa de papel\u00e3o. Dever\u00e1 possuir certifica\u00e7\u00e3o ABNT NBR NM 300-1  e ABNT  NBR  NM  300-3.  Dimens\u00f5es  com toler\u00e2ncia de +\/- 5%.<\/p>\n","protected":false},"excerpt":{"rendered":"<p>Dever\u00e1 ser confeccionado em MDF e impresso em policromia, conter, no m\u00ednimo, 78 pe\u00e7as encaixadas em tr\u00eas partes, que dever\u00e3o formar, no m\u00ednimo, 26 placas de aproximadamente 70x132x2,8mm. Dever\u00e1 ser acondicionado em caixa de papel\u00e3o. Dever\u00e1 possuir certifica\u00e7\u00e3o ABNT NBR NM 300-1  e ABNT  NBR  NM  300-3.  Dimens\u00f5es  com toler\u00e2ncia de +\/- 5%.<\/p>\n","protected":false},"featured_media":4869,"template":"","meta":[],"product_brand":[],"product_cat":[192],"product_tag":[1129],"class_list":{"0":"post-4644","1":"product","2":"type-product","3":"status-publish","4":"has-post-thumbnail","6":"product_cat-brinquedos","7":"product_tag-a260","8":"pa_item-216","9":"pa_lote-574","10":"pa_marca-brink-mobil","11":"pa_n-ata-10-2025","12":"pa_pregao-eletronico-por-registro-de-precos-no-04-2025","13":"pa_processo-licitatorio-06-2025","14":"wcpv_product_vendors-brink-mobil-equipamentos-educacionais-ltda","16":"first","17":"instock","18":"shipping-taxable","19":"purchasable","20":"product-type-simple"},"_links":{"self":[{"href":"https:\/\/bmsolucoesedu.com.br\/portal\/wp-json\/wp\/v2\/product\/4644","targetHints":{"allow":["GET"]}}],"collection":[{"href":"https:\/\/bmsolucoesedu.com.br\/portal\/wp-json\/wp\/v2\/product"}],"about":[{"href":"https:\/\/bmsolucoesedu.com.br\/portal\/wp-json\/wp\/v2\/types\/product"}],"wp:featuredmedia":[{"embeddable":true,"href":"https:\/\/bmsolucoesedu.com.br\/portal\/wp-json\/wp\/v2\/media\/4869"}],"wp:attachment":[{"href":"https:\/\/bmsolucoesedu.com.br\/portal\/wp-json\/wp\/v2\/media?parent=4644"}],"wp:term":[{"taxonomy":"product_brand","embeddable":true,"href":"https:\/\/bmsolucoesedu.com.br\/portal\/wp-json\/wp\/v2\/product_brand?post=4644"},{"taxonomy":"product_cat","embeddable":true,"href":"https:\/\/bmsolucoesedu.com.br\/portal\/wp-json\/wp\/v2\/product_cat?post=4644"},{"taxonomy":"product_tag","embeddable":true,"href":"https:\/\/bmsolucoesedu.com.br\/portal\/wp-json\/wp\/v2\/product_tag?post=4644"}],"curies":[{"name":"wp","href":"https:\/\/api.w.org\/{rel}","templated":true}]}}