{"id":4609,"date":"2025-05-14T11:53:58","date_gmt":"2025-05-14T14:53:58","guid":{"rendered":"https:\/\/bmsolucoesedu.com.br\/portal\/?post_type=product&#038;p=4609"},"modified":"2025-05-14T11:56:02","modified_gmt":"2025-05-14T14:56:02","slug":"cola-brancal-liquida-150g-2","status":"publish","type":"product","link":"https:\/\/bmsolucoesedu.com.br\/portal\/produtos\/cola-brancal-liquida-150g-2\/","title":{"rendered":"Cola brancal l\u00edquida 150g"},"content":{"rendered":"<p>Tubo de cola contendo 150 gramas, liquida, com base de acetato de polivinila (PVA) disperso em solu\u00e7\u00e3o aquosa. O produto deve ser plastificante, com alto poder de colagem, isento de cargas minerais e subst\u00e2ncias nocivas \u00e0 sa\u00fade, at\u00f3xico e in\u00f3cuo, que ap\u00f3s a secagem apresente um filme transparente. Dever\u00e1 ser embalado frasco pl\u00e1stico injetado em PET (politereftalato de etila) na cor cristal, com bico aplicador atrav\u00e9s da tampa estilo flip top.<\/p>\n","protected":false},"excerpt":{"rendered":"<p>Tubo de cola contendo 150 gramas, liquida, com base de acetato de polivinila (PVA) disperso em solu\u00e7\u00e3o aquosa. O produto deve ser plastificante, com alto poder de colagem, isento de cargas minerais e subst\u00e2ncias nocivas \u00e0 sa\u00fade, at\u00f3xico e in\u00f3cuo, que ap\u00f3s a secagem apresente um filme transparente. Dever\u00e1 ser embalado frasco pl\u00e1stico injetado em PET (politereftalato de etila) na cor cristal, com bico aplicador atrav\u00e9s da tampa estilo flip top.<\/p>\n","protected":false},"featured_media":4811,"template":"","meta":[],"product_brand":[],"product_cat":[868],"product_tag":[1100],"class_list":{"0":"post-4609","1":"product","2":"type-product","3":"status-publish","4":"has-post-thumbnail","6":"product_cat-material-escolar","7":"product_tag-a254","8":"pa_item-296","9":"pa_lote-422","10":"pa_marca-brink-mobil","11":"pa_n-ata-03-2025","12":"pa_pregao-eletronico-por-registro-de-precos-no-02-2025","13":"pa_processo-licitatorio-02-2025","14":"wcpv_product_vendors-brink-mobil-equipamentos-educacionais-ltda","16":"first","17":"instock","18":"shipping-taxable","19":"purchasable","20":"product-type-simple"},"_links":{"self":[{"href":"https:\/\/bmsolucoesedu.com.br\/portal\/wp-json\/wp\/v2\/product\/4609","targetHints":{"allow":["GET"]}}],"collection":[{"href":"https:\/\/bmsolucoesedu.com.br\/portal\/wp-json\/wp\/v2\/product"}],"about":[{"href":"https:\/\/bmsolucoesedu.com.br\/portal\/wp-json\/wp\/v2\/types\/product"}],"wp:featuredmedia":[{"embeddable":true,"href":"https:\/\/bmsolucoesedu.com.br\/portal\/wp-json\/wp\/v2\/media\/4811"}],"wp:attachment":[{"href":"https:\/\/bmsolucoesedu.com.br\/portal\/wp-json\/wp\/v2\/media?parent=4609"}],"wp:term":[{"taxonomy":"product_brand","embeddable":true,"href":"https:\/\/bmsolucoesedu.com.br\/portal\/wp-json\/wp\/v2\/product_brand?post=4609"},{"taxonomy":"product_cat","embeddable":true,"href":"https:\/\/bmsolucoesedu.com.br\/portal\/wp-json\/wp\/v2\/product_cat?post=4609"},{"taxonomy":"product_tag","embeddable":true,"href":"https:\/\/bmsolucoesedu.com.br\/portal\/wp-json\/wp\/v2\/product_tag?post=4609"}],"curies":[{"name":"wp","href":"https:\/\/api.w.org\/{rel}","templated":true}]}}