{"id":4583,"date":"2025-05-14T11:53:56","date_gmt":"2025-05-14T14:53:56","guid":{"rendered":"https:\/\/bmsolucoesedu.com.br\/portal\/?post_type=product&#038;p=4583"},"modified":"2025-05-14T11:55:43","modified_gmt":"2025-05-14T14:55:43","slug":"apontador-jumbo","status":"publish","type":"product","link":"https:\/\/bmsolucoesedu.com.br\/portal\/produtos\/apontador-jumbo\/","title":{"rendered":"Apontador jumbo"},"content":{"rendered":"<p>Apontador com dep\u00f3sito, formato triangular, medindo aproximadamente 50 de altura e entre 40mm entre faces, cont\u00e9m dois furos c\u00f4nicos, adequados para apontar l\u00e1pis comum ejumbo, l\u00e5mina de a\u00e7o inoxid\u00e1vel ou temperado, dep\u00f3sito colorido ou incolor confeccionado em poliestireno.<\/p>\n","protected":false},"excerpt":{"rendered":"<p>Apontador com dep\u00f3sito, formato triangular, medindo aproximadamente 50 de altura e entre 40mm entre faces, cont\u00e9m dois furos c\u00f4nicos, adequados para apontar l\u00e1pis comum ejumbo, l\u00e5mina de a\u00e7o inoxid\u00e1vel ou temperado, dep\u00f3sito colorido ou incolor confeccionado em poliestireno.<\/p>\n","protected":false},"featured_media":4815,"template":"","meta":[],"product_brand":[],"product_cat":[868],"product_tag":[1100],"class_list":{"0":"post-4583","1":"product","2":"type-product","3":"status-publish","4":"has-post-thumbnail","6":"product_cat-material-escolar","7":"product_tag-a254","8":"pa_item-224","9":"pa_lote-422","10":"pa_marca-brink-mobil","11":"pa_n-ata-03-2025","12":"pa_pregao-eletronico-por-registro-de-precos-no-02-2025","13":"pa_processo-licitatorio-02-2025","14":"wcpv_product_vendors-brink-mobil-equipamentos-educacionais-ltda","16":"first","17":"instock","18":"shipping-taxable","19":"purchasable","20":"product-type-simple"},"_links":{"self":[{"href":"https:\/\/bmsolucoesedu.com.br\/portal\/wp-json\/wp\/v2\/product\/4583","targetHints":{"allow":["GET"]}}],"collection":[{"href":"https:\/\/bmsolucoesedu.com.br\/portal\/wp-json\/wp\/v2\/product"}],"about":[{"href":"https:\/\/bmsolucoesedu.com.br\/portal\/wp-json\/wp\/v2\/types\/product"}],"wp:featuredmedia":[{"embeddable":true,"href":"https:\/\/bmsolucoesedu.com.br\/portal\/wp-json\/wp\/v2\/media\/4815"}],"wp:attachment":[{"href":"https:\/\/bmsolucoesedu.com.br\/portal\/wp-json\/wp\/v2\/media?parent=4583"}],"wp:term":[{"taxonomy":"product_brand","embeddable":true,"href":"https:\/\/bmsolucoesedu.com.br\/portal\/wp-json\/wp\/v2\/product_brand?post=4583"},{"taxonomy":"product_cat","embeddable":true,"href":"https:\/\/bmsolucoesedu.com.br\/portal\/wp-json\/wp\/v2\/product_cat?post=4583"},{"taxonomy":"product_tag","embeddable":true,"href":"https:\/\/bmsolucoesedu.com.br\/portal\/wp-json\/wp\/v2\/product_tag?post=4583"}],"curies":[{"name":"wp","href":"https:\/\/api.w.org\/{rel}","templated":true}]}}