{"id":4581,"date":"2025-05-14T11:46:14","date_gmt":"2025-05-14T14:46:14","guid":{"rendered":"https:\/\/bmsolucoesedu.com.br\/portal\/?post_type=product&#038;p=4581"},"modified":"2025-05-14T13:46:53","modified_gmt":"2025-05-14T16:46:53","slug":"agenda-escolar","status":"publish","type":"product","link":"https:\/\/bmsolucoesedu.com.br\/portal\/produtos\/agenda-escolar\/","title":{"rendered":"Agenda escolar"},"content":{"rendered":"<p>Dimens\u00f5es m\u00ednimas 140mm x 200mm contendo 122 folhas \u00fateis, capa e contracapa em papel\u00e3o reciclado 680g\/m\u00b2 com revestimento em couch\u00e9 115g\/m\u00b0 e offset 120g\/m\u00b2, personalizada em 4&#215;0 cores, miolo em papel offset gramatura m\u00ednima 63g\/m\u00b2 1&#215;1 cores, contendo dados do aluno, dados dos respons\u00e1veis, dados da escola e informa\u00e7\u00f5es importantes, 4 divis\u00f3rias pl\u00e1sticas coloridas (vermelho, azul, verde e amarelo) confeccionadas em polipropileno reciclado biodegrad\u00e1vel, espessura minima de 0,15mm. Primeira divis\u00f3ria para calend\u00e1rio do ano anterior, atual, subsequente e planejamento semanal, segunda divis\u00f3ria contendo 96 folhas \u00fateis com miolo permanente para preenchimento do dia da semana, dia do m\u00eas, m\u00eas e ano, terceira divis\u00f3ria para anota\u00e7\u00f5es e quarta divis\u00f3ria para agenda telef\u00f4nica.<\/p>\n","protected":false},"excerpt":{"rendered":"<p>Dimens\u00f5es m\u00ednimas 140mm x 200mm contendo 122 folhas \u00fateis, capa e contracapa em papel\u00e3o reciclado 680g\/m\u00b2 com revestimento em couch\u00e9 115g\/m\u00b0 e offset 120g\/m\u00b2, personalizada em 4&#215;0 cores, miolo em papel offset gramatura m\u00ednima 63g\/m\u00b2 1&#215;1 cores, contendo dados do aluno, dados dos respons\u00e1veis, dados da escola e informa\u00e7\u00f5es importantes, 4 divis\u00f3rias pl\u00e1sticas coloridas (vermelho, azul, verde e amarelo) confeccionadas em polipropileno reciclado biodegrad\u00e1vel, espessura minima de 0,15mm. Primeira divis\u00f3ria para calend\u00e1rio do ano anterior, atual, subsequente e planejamento semanal, segunda divis\u00f3ria contendo 96 folhas \u00fateis com miolo permanente para preenchimento do dia da semana, dia do m\u00eas, m\u00eas e ano, terceira divis\u00f3ria para anota\u00e7\u00f5es e quarta divis\u00f3ria para agenda telef\u00f4nica.<\/p>\n","protected":false},"featured_media":4814,"template":"","meta":[],"product_brand":[],"product_cat":[868],"product_tag":[1100],"class_list":{"0":"post-4581","1":"product","2":"type-product","3":"status-publish","4":"has-post-thumbnail","6":"product_cat-material-escolar","7":"product_tag-a254","8":"pa_item-225","9":"pa_lote-422","10":"pa_marca-brink-mobil","11":"pa_n-ata-03-2025","12":"pa_pregao-eletronico-por-registro-de-precos-no-02-2025","13":"pa_processo-licitatorio-02-2025","14":"wcpv_product_vendors-brink-mobil-equipamentos-educacionais-ltda","16":"first","17":"instock","18":"shipping-taxable","19":"purchasable","20":"product-type-simple"},"_links":{"self":[{"href":"https:\/\/bmsolucoesedu.com.br\/portal\/wp-json\/wp\/v2\/product\/4581","targetHints":{"allow":["GET"]}}],"collection":[{"href":"https:\/\/bmsolucoesedu.com.br\/portal\/wp-json\/wp\/v2\/product"}],"about":[{"href":"https:\/\/bmsolucoesedu.com.br\/portal\/wp-json\/wp\/v2\/types\/product"}],"wp:featuredmedia":[{"embeddable":true,"href":"https:\/\/bmsolucoesedu.com.br\/portal\/wp-json\/wp\/v2\/media\/4814"}],"wp:attachment":[{"href":"https:\/\/bmsolucoesedu.com.br\/portal\/wp-json\/wp\/v2\/media?parent=4581"}],"wp:term":[{"taxonomy":"product_brand","embeddable":true,"href":"https:\/\/bmsolucoesedu.com.br\/portal\/wp-json\/wp\/v2\/product_brand?post=4581"},{"taxonomy":"product_cat","embeddable":true,"href":"https:\/\/bmsolucoesedu.com.br\/portal\/wp-json\/wp\/v2\/product_cat?post=4581"},{"taxonomy":"product_tag","embeddable":true,"href":"https:\/\/bmsolucoesedu.com.br\/portal\/wp-json\/wp\/v2\/product_tag?post=4581"}],"curies":[{"name":"wp","href":"https:\/\/api.w.org\/{rel}","templated":true}]}}