{"id":3854,"date":"2025-05-08T08:06:22","date_gmt":"2025-05-08T11:06:22","guid":{"rendered":"https:\/\/bmsolucoesedu.com.br\/portal\/?post_type=product&#038;p=3854"},"modified":"2025-10-18T16:30:55","modified_gmt":"2025-10-18T19:30:55","slug":"portuguesa-9","status":"publish","type":"product","link":"https:\/\/bmsolucoesedu.com.br\/portal\/produtos\/portuguesa-9\/","title":{"rendered":"REVER Portuguesa 9"},"content":{"rendered":"<p>Para encerrar o ciclo, o conte\u00fado faz uma reflex\u00e3o sobre hist\u00f3rias fant\u00e1sticas e de fic\u00e7\u00e3o, empreendedorismo, fake news e sa\u00fade mental, a partir dos sentidos dos textos. Tamb\u00e9m h\u00e1 estudos sobre reg\u00eancia, figuras de linguagem e estrangeirismo.<\/p>\n","protected":false},"excerpt":{"rendered":"<p>Para encerrar o ciclo, o conte\u00fado faz uma reflex\u00e3o sobre hist\u00f3rias fant\u00e1sticas e de fic\u00e7\u00e3o, empreendedorismo, fake news e sa\u00fade mental, a partir dos sentidos dos textos. Tamb\u00e9m h\u00e1 estudos sobre reg\u00eancia, figuras de linguagem e estrangeirismo.<\/p>\n","protected":false},"featured_media":5771,"template":"","meta":[],"product_brand":[],"product_cat":[195],"product_tag":[1119,211],"class_list":{"0":"post-3854","1":"product","2":"type-product","3":"status-publish","4":"has-post-thumbnail","6":"product_cat-servicos","7":"product_tag-i224","8":"product_tag-inex","9":"pa_item-i224","10":"pa_marca-cei","11":"pa_n-ata-i224","12":"wcpv_product_vendors-cei-editora-e-distribuidora-ltda","14":"first","15":"instock","16":"shipping-taxable","17":"purchasable","18":"product-type-simple"},"_links":{"self":[{"href":"https:\/\/bmsolucoesedu.com.br\/portal\/wp-json\/wp\/v2\/product\/3854","targetHints":{"allow":["GET"]}}],"collection":[{"href":"https:\/\/bmsolucoesedu.com.br\/portal\/wp-json\/wp\/v2\/product"}],"about":[{"href":"https:\/\/bmsolucoesedu.com.br\/portal\/wp-json\/wp\/v2\/types\/product"}],"wp:featuredmedia":[{"embeddable":true,"href":"https:\/\/bmsolucoesedu.com.br\/portal\/wp-json\/wp\/v2\/media\/5771"}],"wp:attachment":[{"href":"https:\/\/bmsolucoesedu.com.br\/portal\/wp-json\/wp\/v2\/media?parent=3854"}],"wp:term":[{"taxonomy":"product_brand","embeddable":true,"href":"https:\/\/bmsolucoesedu.com.br\/portal\/wp-json\/wp\/v2\/product_brand?post=3854"},{"taxonomy":"product_cat","embeddable":true,"href":"https:\/\/bmsolucoesedu.com.br\/portal\/wp-json\/wp\/v2\/product_cat?post=3854"},{"taxonomy":"product_tag","embeddable":true,"href":"https:\/\/bmsolucoesedu.com.br\/portal\/wp-json\/wp\/v2\/product_tag?post=3854"}],"curies":[{"name":"wp","href":"https:\/\/api.w.org\/{rel}","templated":true}]}}