{"id":3853,"date":"2025-05-08T08:06:22","date_gmt":"2025-05-08T11:06:22","guid":{"rendered":"https:\/\/bmsolucoesedu.com.br\/portal\/?post_type=product&#038;p=3853"},"modified":"2025-10-18T16:30:55","modified_gmt":"2025-10-18T19:30:55","slug":"matematica-8","status":"publish","type":"product","link":"https:\/\/bmsolucoesedu.com.br\/portal\/produtos\/matematica-8\/","title":{"rendered":"REVER Matem\u00e1tica 8"},"content":{"rendered":"<p>Nota\u00e7\u00e3o cientifica, potencia\u00e7\u00e3o, radicia\u00e7\u00e3o, princ\u00edpio multiplicativo, porcentagem e d\u00edzimas peri\u00f3dicas s\u00e3o trabalhadas aqui. O material inclui o valor num\u00e9rico e as equa\u00e7\u00f5es lineares do 1\u00b0grau e a equa\u00e7\u00e3o polinomial do 2\u00b0 grau. H\u00e1 tamb\u00e9m congru\u00eancia de tri\u00e2ngulos, constru\u00e7\u00f5es geom\u00e9tricas, mediatriz, bissetriz e transforma\u00e7\u00f5es.<\/p>\n","protected":false},"excerpt":{"rendered":"<p>Nota\u00e7\u00e3o cientifica, potencia\u00e7\u00e3o, radicia\u00e7\u00e3o, princ\u00edpio multiplicativo, porcentagem e d\u00edzimas peri\u00f3dicas s\u00e3o trabalhadas aqui. O material inclui o valor num\u00e9rico e as equa\u00e7\u00f5es lineares do 1\u00b0grau e a equa\u00e7\u00e3o polinomial do 2\u00b0 grau. H\u00e1 tamb\u00e9m congru\u00eancia de tri\u00e2ngulos, constru\u00e7\u00f5es geom\u00e9tricas, mediatriz, bissetriz e transforma\u00e7\u00f5es.<\/p>\n","protected":false},"featured_media":5761,"template":"","meta":[],"product_brand":[],"product_cat":[195],"product_tag":[1119,211],"class_list":{"0":"post-3853","1":"product","2":"type-product","3":"status-publish","4":"has-post-thumbnail","6":"product_cat-servicos","7":"product_tag-i224","8":"product_tag-inex","9":"pa_item-i224","10":"pa_marca-cei","11":"pa_n-ata-i224","12":"wcpv_product_vendors-cei-editora-e-distribuidora-ltda","14":"first","15":"instock","16":"shipping-taxable","17":"purchasable","18":"product-type-simple"},"_links":{"self":[{"href":"https:\/\/bmsolucoesedu.com.br\/portal\/wp-json\/wp\/v2\/product\/3853","targetHints":{"allow":["GET"]}}],"collection":[{"href":"https:\/\/bmsolucoesedu.com.br\/portal\/wp-json\/wp\/v2\/product"}],"about":[{"href":"https:\/\/bmsolucoesedu.com.br\/portal\/wp-json\/wp\/v2\/types\/product"}],"wp:featuredmedia":[{"embeddable":true,"href":"https:\/\/bmsolucoesedu.com.br\/portal\/wp-json\/wp\/v2\/media\/5761"}],"wp:attachment":[{"href":"https:\/\/bmsolucoesedu.com.br\/portal\/wp-json\/wp\/v2\/media?parent=3853"}],"wp:term":[{"taxonomy":"product_brand","embeddable":true,"href":"https:\/\/bmsolucoesedu.com.br\/portal\/wp-json\/wp\/v2\/product_brand?post=3853"},{"taxonomy":"product_cat","embeddable":true,"href":"https:\/\/bmsolucoesedu.com.br\/portal\/wp-json\/wp\/v2\/product_cat?post=3853"},{"taxonomy":"product_tag","embeddable":true,"href":"https:\/\/bmsolucoesedu.com.br\/portal\/wp-json\/wp\/v2\/product_tag?post=3853"}],"curies":[{"name":"wp","href":"https:\/\/api.w.org\/{rel}","templated":true}]}}