{"id":3851,"date":"2025-05-08T08:06:22","date_gmt":"2025-05-08T11:06:22","guid":{"rendered":"https:\/\/bmsolucoesedu.com.br\/portal\/?post_type=product&#038;p=3851"},"modified":"2025-10-18T16:30:55","modified_gmt":"2025-10-18T19:30:55","slug":"matematica-7","status":"publish","type":"product","link":"https:\/\/bmsolucoesedu.com.br\/portal\/produtos\/matematica-7\/","title":{"rendered":"REVER Matem\u00e1tica 7"},"content":{"rendered":"<p>O conte\u00fado matem\u00e1tico fica mais complexo com o passar dos anos. Por isso, al\u00e9m dos temas trabalhados anteriormente, aqui o foco s\u00e3o as transforma\u00e7\u00f5es geom\u00e9tricas, simetrias, \u00e2ngulos, poligonos, medi\u00e7\u00f5es, experimentos aleat\u00f3rios e estat\u00edstica, bem como pesquisa amostral e constru\u00e7\u00e3o e interpreta\u00e7\u00e3o de gr\u00e1ficos e tabelas.<\/p>\n","protected":false},"excerpt":{"rendered":"<p>O conte\u00fado matem\u00e1tico fica mais complexo com o passar dos anos. Por isso, al\u00e9m dos temas trabalhados anteriormente, aqui o foco s\u00e3o as transforma\u00e7\u00f5es geom\u00e9tricas, simetrias, \u00e2ngulos, poligonos, medi\u00e7\u00f5es, experimentos aleat\u00f3rios e estat\u00edstica, bem como pesquisa amostral e constru\u00e7\u00e3o e interpreta\u00e7\u00e3o de gr\u00e1ficos e tabelas.<\/p>\n","protected":false},"featured_media":5760,"template":"","meta":[],"product_brand":[],"product_cat":[195],"product_tag":[1119,211],"class_list":{"0":"post-3851","1":"product","2":"type-product","3":"status-publish","4":"has-post-thumbnail","6":"product_cat-servicos","7":"product_tag-i224","8":"product_tag-inex","9":"pa_item-i224","10":"pa_marca-cei","11":"pa_n-ata-i224","12":"wcpv_product_vendors-cei-editora-e-distribuidora-ltda","14":"first","15":"instock","16":"shipping-taxable","17":"purchasable","18":"product-type-simple"},"_links":{"self":[{"href":"https:\/\/bmsolucoesedu.com.br\/portal\/wp-json\/wp\/v2\/product\/3851","targetHints":{"allow":["GET"]}}],"collection":[{"href":"https:\/\/bmsolucoesedu.com.br\/portal\/wp-json\/wp\/v2\/product"}],"about":[{"href":"https:\/\/bmsolucoesedu.com.br\/portal\/wp-json\/wp\/v2\/types\/product"}],"wp:featuredmedia":[{"embeddable":true,"href":"https:\/\/bmsolucoesedu.com.br\/portal\/wp-json\/wp\/v2\/media\/5760"}],"wp:attachment":[{"href":"https:\/\/bmsolucoesedu.com.br\/portal\/wp-json\/wp\/v2\/media?parent=3851"}],"wp:term":[{"taxonomy":"product_brand","embeddable":true,"href":"https:\/\/bmsolucoesedu.com.br\/portal\/wp-json\/wp\/v2\/product_brand?post=3851"},{"taxonomy":"product_cat","embeddable":true,"href":"https:\/\/bmsolucoesedu.com.br\/portal\/wp-json\/wp\/v2\/product_cat?post=3851"},{"taxonomy":"product_tag","embeddable":true,"href":"https:\/\/bmsolucoesedu.com.br\/portal\/wp-json\/wp\/v2\/product_tag?post=3851"}],"curies":[{"name":"wp","href":"https:\/\/api.w.org\/{rel}","templated":true}]}}