{"id":3844,"date":"2025-05-08T08:06:21","date_gmt":"2025-05-08T11:06:21","guid":{"rendered":"https:\/\/bmsolucoesedu.com.br\/portal\/?post_type=product&#038;p=3844"},"modified":"2025-10-18T16:30:56","modified_gmt":"2025-10-18T19:30:56","slug":"portuguesa-4","status":"publish","type":"product","link":"https:\/\/bmsolucoesedu.com.br\/portal\/produtos\/portuguesa-4\/","title":{"rendered":"REVER Portuguesa 4"},"content":{"rendered":"<p>Com base em g\u00eaneros textuais, amplia-se o conhecimento sobre a leitura e a escrita, a forma\u00e7\u00e3o do sujeito protagonista, tecnologia, sustentabilidade e diversidade. Tamb\u00e9m s\u00e3o estudados os encontros voc\u00e1licos, a pontua\u00e7\u00e3o e outros t\u00f3picos gramaticais.<\/p>\n","protected":false},"excerpt":{"rendered":"<p>Com base em g\u00eaneros textuais, amplia-se o conhecimento sobre a leitura e a escrita, a forma\u00e7\u00e3o do sujeito protagonista, tecnologia, sustentabilidade e diversidade. Tamb\u00e9m s\u00e3o estudados os encontros voc\u00e1licos, a pontua\u00e7\u00e3o e outros t\u00f3picos gramaticais.<\/p>\n","protected":false},"featured_media":5766,"template":"","meta":[],"product_brand":[],"product_cat":[195],"product_tag":[1119,211],"class_list":{"0":"post-3844","1":"product","2":"type-product","3":"status-publish","4":"has-post-thumbnail","6":"product_cat-servicos","7":"product_tag-i224","8":"product_tag-inex","9":"pa_item-i224","10":"pa_marca-cei","11":"pa_n-ata-i224","12":"wcpv_product_vendors-cei-editora-e-distribuidora-ltda","14":"first","15":"instock","16":"shipping-taxable","17":"purchasable","18":"product-type-simple"},"_links":{"self":[{"href":"https:\/\/bmsolucoesedu.com.br\/portal\/wp-json\/wp\/v2\/product\/3844","targetHints":{"allow":["GET"]}}],"collection":[{"href":"https:\/\/bmsolucoesedu.com.br\/portal\/wp-json\/wp\/v2\/product"}],"about":[{"href":"https:\/\/bmsolucoesedu.com.br\/portal\/wp-json\/wp\/v2\/types\/product"}],"wp:featuredmedia":[{"embeddable":true,"href":"https:\/\/bmsolucoesedu.com.br\/portal\/wp-json\/wp\/v2\/media\/5766"}],"wp:attachment":[{"href":"https:\/\/bmsolucoesedu.com.br\/portal\/wp-json\/wp\/v2\/media?parent=3844"}],"wp:term":[{"taxonomy":"product_brand","embeddable":true,"href":"https:\/\/bmsolucoesedu.com.br\/portal\/wp-json\/wp\/v2\/product_brand?post=3844"},{"taxonomy":"product_cat","embeddable":true,"href":"https:\/\/bmsolucoesedu.com.br\/portal\/wp-json\/wp\/v2\/product_cat?post=3844"},{"taxonomy":"product_tag","embeddable":true,"href":"https:\/\/bmsolucoesedu.com.br\/portal\/wp-json\/wp\/v2\/product_tag?post=3844"}],"curies":[{"name":"wp","href":"https:\/\/api.w.org\/{rel}","templated":true}]}}