{"id":3843,"date":"2025-05-08T08:06:21","date_gmt":"2025-05-08T11:06:21","guid":{"rendered":"https:\/\/bmsolucoesedu.com.br\/portal\/?post_type=product&#038;p=3843"},"modified":"2025-10-18T16:30:56","modified_gmt":"2025-10-18T19:30:56","slug":"matematica-3","status":"publish","type":"product","link":"https:\/\/bmsolucoesedu.com.br\/portal\/produtos\/matematica-3\/","title":{"rendered":"REVER Matem\u00e1tica 3"},"content":{"rendered":"<p>Iniciam as explora\u00e7\u00f5es sobre as principais caracter\u00edsticas do Sistema de Numera\u00e7\u00e3o Decimal, utilizando os conceitos de metade e partes. Tamb\u00e9m trabalha-se a localiza\u00e7\u00e3o e a movimenta\u00e7\u00e3o, as figuras geom\u00e9tricas espaciais e planas e a leitura e interpreta\u00e7\u00e3o de dados contidos em gr\u00e1ficos e tabelas.<\/p>\n","protected":false},"excerpt":{"rendered":"<p>Iniciam as explora\u00e7\u00f5es sobre as principais caracter\u00edsticas do Sistema de Numera\u00e7\u00e3o Decimal, utilizando os conceitos de metade e partes. Tamb\u00e9m trabalha-se a localiza\u00e7\u00e3o e a movimenta\u00e7\u00e3o, as figuras geom\u00e9tricas espaciais e planas e a leitura e interpreta\u00e7\u00e3o de dados contidos em gr\u00e1ficos e tabelas.<\/p>\n","protected":false},"featured_media":5774,"template":"","meta":[],"product_brand":[],"product_cat":[195],"product_tag":[1119,211],"class_list":{"0":"post-3843","1":"product","2":"type-product","3":"status-publish","4":"has-post-thumbnail","6":"product_cat-servicos","7":"product_tag-i224","8":"product_tag-inex","9":"pa_item-i224","10":"pa_marca-cei","11":"pa_n-ata-i224","12":"wcpv_product_vendors-cei-editora-e-distribuidora-ltda","14":"first","15":"instock","16":"shipping-taxable","17":"purchasable","18":"product-type-simple"},"_links":{"self":[{"href":"https:\/\/bmsolucoesedu.com.br\/portal\/wp-json\/wp\/v2\/product\/3843","targetHints":{"allow":["GET"]}}],"collection":[{"href":"https:\/\/bmsolucoesedu.com.br\/portal\/wp-json\/wp\/v2\/product"}],"about":[{"href":"https:\/\/bmsolucoesedu.com.br\/portal\/wp-json\/wp\/v2\/types\/product"}],"wp:featuredmedia":[{"embeddable":true,"href":"https:\/\/bmsolucoesedu.com.br\/portal\/wp-json\/wp\/v2\/media\/5774"}],"wp:attachment":[{"href":"https:\/\/bmsolucoesedu.com.br\/portal\/wp-json\/wp\/v2\/media?parent=3843"}],"wp:term":[{"taxonomy":"product_brand","embeddable":true,"href":"https:\/\/bmsolucoesedu.com.br\/portal\/wp-json\/wp\/v2\/product_brand?post=3843"},{"taxonomy":"product_cat","embeddable":true,"href":"https:\/\/bmsolucoesedu.com.br\/portal\/wp-json\/wp\/v2\/product_cat?post=3843"},{"taxonomy":"product_tag","embeddable":true,"href":"https:\/\/bmsolucoesedu.com.br\/portal\/wp-json\/wp\/v2\/product_tag?post=3843"}],"curies":[{"name":"wp","href":"https:\/\/api.w.org\/{rel}","templated":true}]}}